{"id":25030,"date":"2025-12-18T11:14:23","date_gmt":"2025-12-12T10:14:23","guid":{"rendered":"https:\/\/azbukum.edu.rs\/?post_type=product&#038;p=25030"},"modified":"2026-03-16T11:42:22","modified_gmt":"2026-03-16T10:42:22","slug":"az-buki-srpski-2-textbook-and-online-program-b1","status":"publish","type":"product","link":"https:\/\/azbukum.edu.rs\/en\/product\/az-buki-srpski-2-textbook-and-online-program-b1\/","title":{"rendered":"Az buki srpski 2 Textbook and Online Program B1"},"content":{"rendered":"","protected":false},"excerpt":{"rendered":"<p><strong> For proficiency levels Proficient (B1) and Advanced Proficient (B2), intended for students aged 12 to 17<\/strong><\/p>\n<p><span style=\"font-weight: 400;\">Textbook authors:<\/span><span style=\"font-weight: 400;\"><br \/>\n<\/span><span style=\"color: #ff6600;\"><span style=\"font-weight: 400;\">Nata\u0161a Mili\u0107evi\u0107 Dobromirov<\/span><span style=\"font-weight: 400;\"><br \/>\n<\/span><span style=\"font-weight: 400;\">Biljana Novkovi\u0107 Ad\u017eaip<\/span><span style=\"font-weight: 400;\"><br \/>\n<\/span><span style=\"font-weight: 400;\">Milica Kri\u010dkovi\u0107<\/span><span style=\"font-weight: 400;\"><br \/>\n<\/span><span style=\"font-weight: 400;\">Sanja Seka\u010d<\/span><\/span><\/p>\n<h6><i><span style=\"font-weight: 400;\">Azbukum Center, first edition 2020 \/ ISBN-978-86-900624-1-6<br \/>\n<\/span><\/i><span style=\"font-weight: 400;\"><strong>208 <\/strong><\/span><i><span style=\"font-weight: 400;\">pages, full color,<br \/>\n<\/span><\/i><i><span style=\"font-weight: 400;\">Levels <strong>B1<\/strong>, <strong>B2<\/strong><\/span><\/i><\/h6>\n<p><span style=\"font-weight: 400;\">Authors of the online program:<br \/>\n<\/span><span style=\"color: #ff6600;\"><span style=\"font-weight: 400;\">AOS team<\/span><\/span><\/p>\n<p><span style=\"font-weight: 400;\">Az Buki Srpski 3 is a textbook for Serbian as a foreign\/non-native\/heritage language for proficiency levels Proficient (B1) and Advanced Proficient (B2). It is intended for students aged 12 to 17, although older students can also use it, for the topics are contemporary, interesting, and above all inspiring. This is a textbook for all those who already speak Serbian well, but who need support in correcting mistakes, enriching active vocabulary, and bolstering style, as well as in increasing comprehension.<br \/>\nEach lesson in the textbook of the same name is accompanied by two online lessons, which makes a total of 16 lessons. They contain rich and interesting original texts, interactive exercises and an overview of grammar rules.<br \/>\n<\/span><\/p>\n<p><em><span class=\"Y2IQFc\" lang=\"en\">* Access to video lessons lasts 24 months.<\/span><\/em><\/p>\n","protected":false},"featured_media":20930,"template":"","meta":[],"product_brand":[],"product_cat":[111,101,103],"product_tag":[],"class_list":{"0":"post-25030","1":"product","2":"type-product","3":"status-publish","4":"has-post-thumbnail","6":"product_cat-children-and-young-adults","7":"product_cat-level-b1","8":"product_cat-level-b2","10":"first","11":"instock","12":"sale","13":"taxable","14":"shipping-taxable","15":"purchasable","16":"product-type-simple"},"yoast_head":"<!-- This site is optimized with the Yoast SEO plugin v24.9 - https:\/\/yoast.com\/wordpress\/plugins\/seo\/ -->\n<title>Az buki srpski 2 Textbook and Online Program B1 - Azbukum<\/title>\n<meta name=\"description\" content=\"Program for a higher initial (A2) level of learning Serbian, for ages 9 to 17 - interesting texts, interactive exercises and an overview of grammar rules.\" \/>\n<meta name=\"robots\" content=\"index, follow, max-snippet:-1, max-image-preview:large, max-video-preview:-1\" \/>\n<link rel=\"canonical\" href=\"https:\/\/azbukum.edu.rs\/en\/product\/az-buki-srpski-2-textbook-and-online-program-b1\/\" \/>\n<meta property=\"og:locale\" content=\"en_US\" \/>\n<meta property=\"og:type\" content=\"article\" \/>\n<meta property=\"og:title\" content=\"Az buki srpski 2 Textbook and Online Program B1 - Azbukum\" \/>\n<meta property=\"og:description\" content=\"Program for a higher initial (A2) level of learning Serbian, for ages 9 to 17 - interesting texts, interactive exercises and an overview of grammar rules.\" \/>\n<meta property=\"og:url\" content=\"https:\/\/azbukum.edu.rs\/en\/product\/az-buki-srpski-2-textbook-and-online-program-b1\/\" \/>\n<meta property=\"og:site_name\" content=\"Azbukum\" \/>\n<meta property=\"article:publisher\" content=\"https:\/\/www.facebook.com\/Azbukum\" \/>\n<meta property=\"article:modified_time\" content=\"2026-03-16T10:42:22+00:00\" \/>\n<meta property=\"og:image\" content=\"https:\/\/azbukum.edu.rs\/media\/Azb_onlajn-udzb_0002_sajt_kombinovano-ABS3.jpg\" \/>\n\t<meta property=\"og:image:width\" content=\"1200\" \/>\n\t<meta property=\"og:image:height\" content=\"1200\" \/>\n\t<meta property=\"og:image:type\" content=\"image\/jpeg\" \/>\n<meta name=\"twitter:card\" content=\"summary_large_image\" \/>\n<meta name=\"twitter:label1\" content=\"Est. reading time\" \/>\n\t<meta name=\"twitter:data1\" content=\"1 minute\" \/>\n<script type=\"application\/ld+json\" class=\"yoast-schema-graph\">{\"@context\":\"https:\/\/schema.org\",\"@graph\":[{\"@type\":\"WebPage\",\"@id\":\"https:\/\/azbukum.edu.rs\/en\/product\/az-buki-srpski-2-textbook-and-online-program-b1\/\",\"url\":\"https:\/\/azbukum.edu.rs\/en\/product\/az-buki-srpski-2-textbook-and-online-program-b1\/\",\"name\":\"Az buki srpski 2 Textbook and Online Program B1 - Azbukum\",\"isPartOf\":{\"@id\":\"https:\/\/azbukum.edu.rs\/en\/#website\"},\"primaryImageOfPage\":{\"@id\":\"https:\/\/azbukum.edu.rs\/en\/product\/az-buki-srpski-2-textbook-and-online-program-b1\/#primaryimage\"},\"image\":{\"@id\":\"https:\/\/azbukum.edu.rs\/en\/product\/az-buki-srpski-2-textbook-and-online-program-b1\/#primaryimage\"},\"thumbnailUrl\":\"https:\/\/azbukum.edu.rs\/media\/Azb_onlajn-udzb_0002_sajt_kombinovano-ABS3.jpg\",\"datePublished\":\"2025-12-12T10:14:23+00:00\",\"dateModified\":\"2026-03-16T10:42:22+00:00\",\"description\":\"Program for a higher initial (A2) level of learning Serbian, for ages 9 to 17 - interesting texts, interactive exercises and an overview of grammar rules.\",\"breadcrumb\":{\"@id\":\"https:\/\/azbukum.edu.rs\/en\/product\/az-buki-srpski-2-textbook-and-online-program-b1\/#breadcrumb\"},\"inLanguage\":\"en-US\",\"potentialAction\":[{\"@type\":\"ReadAction\",\"target\":[\"https:\/\/azbukum.edu.rs\/en\/product\/az-buki-srpski-2-textbook-and-online-program-b1\/\"]}]},{\"@type\":\"ImageObject\",\"inLanguage\":\"en-US\",\"@id\":\"https:\/\/azbukum.edu.rs\/en\/product\/az-buki-srpski-2-textbook-and-online-program-b1\/#primaryimage\",\"url\":\"https:\/\/azbukum.edu.rs\/media\/Azb_onlajn-udzb_0002_sajt_kombinovano-ABS3.jpg\",\"contentUrl\":\"https:\/\/azbukum.edu.rs\/media\/Azb_onlajn-udzb_0002_sajt_kombinovano-ABS3.jpg\",\"width\":1200,\"height\":1200},{\"@type\":\"BreadcrumbList\",\"@id\":\"https:\/\/azbukum.edu.rs\/en\/product\/az-buki-srpski-2-textbook-and-online-program-b1\/#breadcrumb\",\"itemListElement\":[{\"@type\":\"ListItem\",\"position\":1,\"name\":\"\u041f\u043e\u0447\u0435\u0442\u043d\u0430\",\"item\":\"https:\/\/azbukum.edu.rs\/en\/\"},{\"@type\":\"ListItem\",\"position\":2,\"name\":\"Shop\",\"item\":\"https:\/\/azbukum.edu.rs\/en\/shop\/\"},{\"@type\":\"ListItem\",\"position\":3,\"name\":\"Az buki srpski 2 Textbook and Online Program B1\"}]},{\"@type\":\"WebSite\",\"@id\":\"https:\/\/azbukum.edu.rs\/en\/#website\",\"url\":\"https:\/\/azbukum.edu.rs\/en\/\",\"name\":\"Azbukum\",\"description\":\"Centar za srpski jezik i kulturu\",\"publisher\":{\"@id\":\"https:\/\/azbukum.edu.rs\/en\/#organization\"},\"potentialAction\":[{\"@type\":\"SearchAction\",\"target\":{\"@type\":\"EntryPoint\",\"urlTemplate\":\"https:\/\/azbukum.edu.rs\/en\/?s={search_term_string}\"},\"query-input\":{\"@type\":\"PropertyValueSpecification\",\"valueRequired\":true,\"valueName\":\"search_term_string\"}}],\"inLanguage\":\"en-US\"},{\"@type\":\"Organization\",\"@id\":\"https:\/\/azbukum.edu.rs\/en\/#organization\",\"name\":\"Azbukum\",\"url\":\"https:\/\/azbukum.edu.rs\/en\/\",\"logo\":{\"@type\":\"ImageObject\",\"inLanguage\":\"en-US\",\"@id\":\"https:\/\/azbukum.edu.rs\/en\/#\/schema\/logo\/image\/\",\"url\":\"https:\/\/azbukum.edu.rs\/media\/azbukum-logo-1.svg\",\"contentUrl\":\"https:\/\/azbukum.edu.rs\/media\/azbukum-logo-1.svg\",\"width\":70,\"height\":49,\"caption\":\"Azbukum\"},\"image\":{\"@id\":\"https:\/\/azbukum.edu.rs\/en\/#\/schema\/logo\/image\/\"},\"sameAs\":[\"https:\/\/www.facebook.com\/Azbukum\",\"https:\/\/www.instagram.com\/azbukum\/\"]}]}<\/script>\n<!-- \/ Yoast SEO plugin. -->","yoast_head_json":{"title":"Az buki srpski 2 Textbook and Online Program B1 - Azbukum","description":"Program for a higher initial (A2) level of learning Serbian, for ages 9 to 17 - interesting texts, interactive exercises and an overview of grammar rules.","robots":{"index":"index","follow":"follow","max-snippet":"max-snippet:-1","max-image-preview":"max-image-preview:large","max-video-preview":"max-video-preview:-1"},"canonical":"https:\/\/azbukum.edu.rs\/en\/product\/az-buki-srpski-2-textbook-and-online-program-b1\/","og_locale":"en_US","og_type":"article","og_title":"Az buki srpski 2 Textbook and Online Program B1 - Azbukum","og_description":"Program for a higher initial (A2) level of learning Serbian, for ages 9 to 17 - interesting texts, interactive exercises and an overview of grammar rules.","og_url":"https:\/\/azbukum.edu.rs\/en\/product\/az-buki-srpski-2-textbook-and-online-program-b1\/","og_site_name":"Azbukum","article_publisher":"https:\/\/www.facebook.com\/Azbukum","article_modified_time":"2026-03-16T10:42:22+00:00","og_image":[{"width":1200,"height":1200,"url":"https:\/\/azbukum.edu.rs\/media\/Azb_onlajn-udzb_0002_sajt_kombinovano-ABS3.jpg","type":"image\/jpeg"}],"twitter_card":"summary_large_image","twitter_misc":{"Est. reading time":"1 minute"},"schema":{"@context":"https:\/\/schema.org","@graph":[{"@type":"WebPage","@id":"https:\/\/azbukum.edu.rs\/en\/product\/az-buki-srpski-2-textbook-and-online-program-b1\/","url":"https:\/\/azbukum.edu.rs\/en\/product\/az-buki-srpski-2-textbook-and-online-program-b1\/","name":"Az buki srpski 2 Textbook and Online Program B1 - Azbukum","isPartOf":{"@id":"https:\/\/azbukum.edu.rs\/en\/#website"},"primaryImageOfPage":{"@id":"https:\/\/azbukum.edu.rs\/en\/product\/az-buki-srpski-2-textbook-and-online-program-b1\/#primaryimage"},"image":{"@id":"https:\/\/azbukum.edu.rs\/en\/product\/az-buki-srpski-2-textbook-and-online-program-b1\/#primaryimage"},"thumbnailUrl":"https:\/\/azbukum.edu.rs\/media\/Azb_onlajn-udzb_0002_sajt_kombinovano-ABS3.jpg","datePublished":"2025-12-12T10:14:23+00:00","dateModified":"2026-03-16T10:42:22+00:00","description":"Program for a higher initial (A2) level of learning Serbian, for ages 9 to 17 - interesting texts, interactive exercises and an overview of grammar rules.","breadcrumb":{"@id":"https:\/\/azbukum.edu.rs\/en\/product\/az-buki-srpski-2-textbook-and-online-program-b1\/#breadcrumb"},"inLanguage":"en-US","potentialAction":[{"@type":"ReadAction","target":["https:\/\/azbukum.edu.rs\/en\/product\/az-buki-srpski-2-textbook-and-online-program-b1\/"]}]},{"@type":"ImageObject","inLanguage":"en-US","@id":"https:\/\/azbukum.edu.rs\/en\/product\/az-buki-srpski-2-textbook-and-online-program-b1\/#primaryimage","url":"https:\/\/azbukum.edu.rs\/media\/Azb_onlajn-udzb_0002_sajt_kombinovano-ABS3.jpg","contentUrl":"https:\/\/azbukum.edu.rs\/media\/Azb_onlajn-udzb_0002_sajt_kombinovano-ABS3.jpg","width":1200,"height":1200},{"@type":"BreadcrumbList","@id":"https:\/\/azbukum.edu.rs\/en\/product\/az-buki-srpski-2-textbook-and-online-program-b1\/#breadcrumb","itemListElement":[{"@type":"ListItem","position":1,"name":"Po\u010detna","item":"https:\/\/azbukum.edu.rs\/en\/"},{"@type":"ListItem","position":2,"name":"Shop","item":"https:\/\/azbukum.edu.rs\/en\/shop\/"},{"@type":"ListItem","position":3,"name":"Az buki srpski 2 Textbook and Online Program B1"}]},{"@type":"WebSite","@id":"https:\/\/azbukum.edu.rs\/en\/#website","url":"https:\/\/azbukum.edu.rs\/en\/","name":"Azbukum","description":"Centar za srpski jezik i kulturu","publisher":{"@id":"https:\/\/azbukum.edu.rs\/en\/#organization"},"potentialAction":[{"@type":"SearchAction","target":{"@type":"EntryPoint","urlTemplate":"https:\/\/azbukum.edu.rs\/en\/?s={search_term_string}"},"query-input":{"@type":"PropertyValueSpecification","valueRequired":true,"valueName":"search_term_string"}}],"inLanguage":"en-US"},{"@type":"Organization","@id":"https:\/\/azbukum.edu.rs\/en\/#organization","name":"Azbukum","url":"https:\/\/azbukum.edu.rs\/en\/","logo":{"@type":"ImageObject","inLanguage":"en-US","@id":"https:\/\/azbukum.edu.rs\/en\/#\/schema\/logo\/image\/","url":"https:\/\/azbukum.edu.rs\/media\/azbukum-logo-1.svg","contentUrl":"https:\/\/azbukum.edu.rs\/media\/azbukum-logo-1.svg","width":70,"height":49,"caption":"Azbukum"},"image":{"@id":"https:\/\/azbukum.edu.rs\/en\/#\/schema\/logo\/image\/"},"sameAs":["https:\/\/www.facebook.com\/Azbukum","https:\/\/www.instagram.com\/azbukum\/"]}]}},"_links":{"self":[{"href":"https:\/\/azbukum.edu.rs\/en\/wp-json\/wp\/v2\/product\/25030","targetHints":{"allow":["GET"]}}],"collection":[{"href":"https:\/\/azbukum.edu.rs\/en\/wp-json\/wp\/v2\/product"}],"about":[{"href":"https:\/\/azbukum.edu.rs\/en\/wp-json\/wp\/v2\/types\/product"}],"wp:featuredmedia":[{"embeddable":true,"href":"https:\/\/azbukum.edu.rs\/en\/wp-json\/wp\/v2\/media\/20930"}],"wp:attachment":[{"href":"https:\/\/azbukum.edu.rs\/en\/wp-json\/wp\/v2\/media?parent=25030"}],"wp:term":[{"taxonomy":"product_brand","embeddable":true,"href":"https:\/\/azbukum.edu.rs\/en\/wp-json\/wp\/v2\/product_brand?post=25030"},{"taxonomy":"product_cat","embeddable":true,"href":"https:\/\/azbukum.edu.rs\/en\/wp-json\/wp\/v2\/product_cat?post=25030"},{"taxonomy":"product_tag","embeddable":true,"href":"https:\/\/azbukum.edu.rs\/en\/wp-json\/wp\/v2\/product_tag?post=25030"}],"curies":[{"name":"wp","href":"https:\/\/api.w.org\/{rel}","templated":true}]}}