{"id":25010,"date":"2025-12-03T22:04:46","date_gmt":"2026-03-15T21:04:46","guid":{"rendered":"https:\/\/azbukum.edu.rs\/?post_type=product&#038;p=25010"},"modified":"2026-03-15T23:00:50","modified_gmt":"2026-03-15T22:00:50","slug":"ucimo-srpski-1-e-book","status":"publish","type":"product","link":"https:\/\/azbukum.edu.rs\/en\/product\/ucimo-srpski-1-e-book\/","title":{"rendered":"U\u010dimo srpski 1 e-book"},"content":{"rendered":"","protected":false},"excerpt":{"rendered":"<p><strong>The most popular program for the beginning levels of learning Serbian (A1 and A2) in the electronic edition <\/strong><\/p>\n<p>Authors:<br \/>\n<span style=\"color: #ff8300;\">Nata\u0161a Mili\u0107evi\u0107 Dobromirov<\/span><br \/>\n<span style=\"color: #ff8300;\">Biljana Novkovi\u0107 Ad\u017eaip<\/span><\/p>\n<h6><i><span style=\"font-weight: 400;\">Azbukum Center, 2023\/ ISBN 978-86-908295-7-6<br \/>\n256 pages, full color, Cyrillic and Latin<br \/>\nLevels A1, A2\u00a0<\/span><\/i><\/h6>\n<p>This electronic textbook represents the most modern teaching material for interactive learning of Serbian for adults. It is based on an approach to language learning through communicative models adapted to complete beginners. Interesting topics and everyday situations provide an incentive for speaking in Serbian. The electronic textbook consists of 12 lessons and an exercise book that accompanies each lesson. In addition to a variety of exercises, a dictionary, a grammar review and a Teacher\u2019s Manual are provided. Each segment of the electronic textbook is connected so that the user can move easily and quickly. While working on the lesson, in each lesson, he can switch to additional content in the exercise room, check the solutions to the tasks or familiarize himself with the grammar rules in more detail.<\/p>\n<p>The complete material covers more than 100 hours of teaching. A special charm to this material comes from the additional <a href=\"https:\/\/azbukum.edu.rs\/en\/proizvod\/lets-study-serbian-1-online-program\/\"><strong>U\u010dimo srpski 1 Online Program<\/strong><\/a>, which consists of video lessons and interactive exercises.<\/p>\n<p>The 7th content edition of the e-textbook does not differ from the 8th edition of the same title in the printed version.<\/p>\n<p><em>* Access to the electronic textbook lasts for 24 months.<\/em><\/p>\n","protected":false},"featured_media":23892,"template":"","meta":[],"product_brand":[],"product_cat":[113,124,125],"product_tag":[],"class_list":{"0":"post-25010","1":"product","2":"type-product","3":"status-publish","4":"has-post-thumbnail","6":"product_cat-adults","7":"product_cat-a1-level-adults-en","8":"product_cat-a2-level-adults-en","10":"first","11":"instock","12":"virtual","13":"taxable","14":"purchasable","15":"product-type-simple"},"yoast_head":"<!-- This site is optimized with the Yoast SEO plugin v24.9 - https:\/\/yoast.com\/wordpress\/plugins\/seo\/ -->\n<title>U\u010dimo srpski 1 e-book - Azbukum<\/title>\n<meta name=\"description\" content=\"Program for the initial level of learning the Serbian language completely harmonized with the textbook &quot;Let\u2019s Study Serbian 1&quot;.\" \/>\n<meta name=\"robots\" content=\"index, follow, max-snippet:-1, max-image-preview:large, max-video-preview:-1\" \/>\n<link rel=\"canonical\" href=\"https:\/\/azbukum.edu.rs\/en\/product\/ucimo-srpski-1-e-book\/\" \/>\n<meta property=\"og:locale\" content=\"en_US\" \/>\n<meta property=\"og:type\" content=\"article\" \/>\n<meta property=\"og:title\" content=\"U\u010dimo srpski 1 e-book - Azbukum\" \/>\n<meta property=\"og:description\" content=\"Program for the initial level of learning the Serbian language completely harmonized with the textbook &quot;Let\u2019s Study Serbian 1&quot;.\" \/>\n<meta property=\"og:url\" content=\"https:\/\/azbukum.edu.rs\/en\/product\/ucimo-srpski-1-e-book\/\" \/>\n<meta property=\"og:site_name\" content=\"Azbukum\" \/>\n<meta property=\"article:publisher\" content=\"https:\/\/www.facebook.com\/Azbukum\" \/>\n<meta property=\"article:modified_time\" content=\"2026-03-15T22:00:50+00:00\" \/>\n<meta property=\"og:image\" content=\"https:\/\/azbukum.edu.rs\/media\/3-sajt-US1-EBOOK-eng-web.jpg\" \/>\n\t<meta property=\"og:image:width\" content=\"1200\" \/>\n\t<meta property=\"og:image:height\" content=\"1200\" \/>\n\t<meta property=\"og:image:type\" content=\"image\/jpeg\" \/>\n<meta name=\"twitter:card\" content=\"summary_large_image\" \/>\n<meta name=\"twitter:label1\" content=\"Est. reading time\" \/>\n\t<meta name=\"twitter:data1\" content=\"1 minute\" \/>\n<script type=\"application\/ld+json\" class=\"yoast-schema-graph\">{\"@context\":\"https:\/\/schema.org\",\"@graph\":[{\"@type\":\"WebPage\",\"@id\":\"https:\/\/azbukum.edu.rs\/en\/product\/ucimo-srpski-1-e-book\/\",\"url\":\"https:\/\/azbukum.edu.rs\/en\/product\/ucimo-srpski-1-e-book\/\",\"name\":\"U\u010dimo srpski 1 e-book - Azbukum\",\"isPartOf\":{\"@id\":\"https:\/\/azbukum.edu.rs\/en\/#website\"},\"primaryImageOfPage\":{\"@id\":\"https:\/\/azbukum.edu.rs\/en\/product\/ucimo-srpski-1-e-book\/#primaryimage\"},\"image\":{\"@id\":\"https:\/\/azbukum.edu.rs\/en\/product\/ucimo-srpski-1-e-book\/#primaryimage\"},\"thumbnailUrl\":\"https:\/\/azbukum.edu.rs\/media\/3-sajt-US1-EBOOK-eng-web.jpg\",\"datePublished\":\"2026-03-15T21:04:46+00:00\",\"dateModified\":\"2026-03-15T22:00:50+00:00\",\"description\":\"Program for the initial level of learning the Serbian language completely harmonized with the textbook \\\"Let\u2019s Study Serbian 1\\\".\",\"breadcrumb\":{\"@id\":\"https:\/\/azbukum.edu.rs\/en\/product\/ucimo-srpski-1-e-book\/#breadcrumb\"},\"inLanguage\":\"en-US\",\"potentialAction\":[{\"@type\":\"ReadAction\",\"target\":[\"https:\/\/azbukum.edu.rs\/en\/product\/ucimo-srpski-1-e-book\/\"]}]},{\"@type\":\"ImageObject\",\"inLanguage\":\"en-US\",\"@id\":\"https:\/\/azbukum.edu.rs\/en\/product\/ucimo-srpski-1-e-book\/#primaryimage\",\"url\":\"https:\/\/azbukum.edu.rs\/media\/3-sajt-US1-EBOOK-eng-web.jpg\",\"contentUrl\":\"https:\/\/azbukum.edu.rs\/media\/3-sajt-US1-EBOOK-eng-web.jpg\",\"width\":1200,\"height\":1200},{\"@type\":\"BreadcrumbList\",\"@id\":\"https:\/\/azbukum.edu.rs\/en\/product\/ucimo-srpski-1-e-book\/#breadcrumb\",\"itemListElement\":[{\"@type\":\"ListItem\",\"position\":1,\"name\":\"\u041f\u043e\u0447\u0435\u0442\u043d\u0430\",\"item\":\"https:\/\/azbukum.edu.rs\/en\/\"},{\"@type\":\"ListItem\",\"position\":2,\"name\":\"Shop\",\"item\":\"https:\/\/azbukum.edu.rs\/en\/shop\/\"},{\"@type\":\"ListItem\",\"position\":3,\"name\":\"U\u010dimo srpski 1 e-book\"}]},{\"@type\":\"WebSite\",\"@id\":\"https:\/\/azbukum.edu.rs\/en\/#website\",\"url\":\"https:\/\/azbukum.edu.rs\/en\/\",\"name\":\"Azbukum\",\"description\":\"Centar za srpski jezik i kulturu\",\"publisher\":{\"@id\":\"https:\/\/azbukum.edu.rs\/en\/#organization\"},\"potentialAction\":[{\"@type\":\"SearchAction\",\"target\":{\"@type\":\"EntryPoint\",\"urlTemplate\":\"https:\/\/azbukum.edu.rs\/en\/?s={search_term_string}\"},\"query-input\":{\"@type\":\"PropertyValueSpecification\",\"valueRequired\":true,\"valueName\":\"search_term_string\"}}],\"inLanguage\":\"en-US\"},{\"@type\":\"Organization\",\"@id\":\"https:\/\/azbukum.edu.rs\/en\/#organization\",\"name\":\"Azbukum\",\"url\":\"https:\/\/azbukum.edu.rs\/en\/\",\"logo\":{\"@type\":\"ImageObject\",\"inLanguage\":\"en-US\",\"@id\":\"https:\/\/azbukum.edu.rs\/en\/#\/schema\/logo\/image\/\",\"url\":\"https:\/\/azbukum.edu.rs\/media\/azbukum-logo-1.svg\",\"contentUrl\":\"https:\/\/azbukum.edu.rs\/media\/azbukum-logo-1.svg\",\"width\":70,\"height\":49,\"caption\":\"Azbukum\"},\"image\":{\"@id\":\"https:\/\/azbukum.edu.rs\/en\/#\/schema\/logo\/image\/\"},\"sameAs\":[\"https:\/\/www.facebook.com\/Azbukum\",\"https:\/\/www.instagram.com\/azbukum\/\"]}]}<\/script>\n<!-- \/ Yoast SEO plugin. -->","yoast_head_json":{"title":"U\u010dimo srpski 1 e-book - Azbukum","description":"Program for the initial level of learning the Serbian language completely harmonized with the textbook \"Let\u2019s Study Serbian 1\".","robots":{"index":"index","follow":"follow","max-snippet":"max-snippet:-1","max-image-preview":"max-image-preview:large","max-video-preview":"max-video-preview:-1"},"canonical":"https:\/\/azbukum.edu.rs\/en\/product\/ucimo-srpski-1-e-book\/","og_locale":"en_US","og_type":"article","og_title":"U\u010dimo srpski 1 e-book - Azbukum","og_description":"Program for the initial level of learning the Serbian language completely harmonized with the textbook \"Let\u2019s Study Serbian 1\".","og_url":"https:\/\/azbukum.edu.rs\/en\/product\/ucimo-srpski-1-e-book\/","og_site_name":"Azbukum","article_publisher":"https:\/\/www.facebook.com\/Azbukum","article_modified_time":"2026-03-15T22:00:50+00:00","og_image":[{"width":1200,"height":1200,"url":"https:\/\/azbukum.edu.rs\/media\/3-sajt-US1-EBOOK-eng-web.jpg","type":"image\/jpeg"}],"twitter_card":"summary_large_image","twitter_misc":{"Est. reading time":"1 minute"},"schema":{"@context":"https:\/\/schema.org","@graph":[{"@type":"WebPage","@id":"https:\/\/azbukum.edu.rs\/en\/product\/ucimo-srpski-1-e-book\/","url":"https:\/\/azbukum.edu.rs\/en\/product\/ucimo-srpski-1-e-book\/","name":"U\u010dimo srpski 1 e-book - Azbukum","isPartOf":{"@id":"https:\/\/azbukum.edu.rs\/en\/#website"},"primaryImageOfPage":{"@id":"https:\/\/azbukum.edu.rs\/en\/product\/ucimo-srpski-1-e-book\/#primaryimage"},"image":{"@id":"https:\/\/azbukum.edu.rs\/en\/product\/ucimo-srpski-1-e-book\/#primaryimage"},"thumbnailUrl":"https:\/\/azbukum.edu.rs\/media\/3-sajt-US1-EBOOK-eng-web.jpg","datePublished":"2026-03-15T21:04:46+00:00","dateModified":"2026-03-15T22:00:50+00:00","description":"Program for the initial level of learning the Serbian language completely harmonized with the textbook \"Let\u2019s Study Serbian 1\".","breadcrumb":{"@id":"https:\/\/azbukum.edu.rs\/en\/product\/ucimo-srpski-1-e-book\/#breadcrumb"},"inLanguage":"en-US","potentialAction":[{"@type":"ReadAction","target":["https:\/\/azbukum.edu.rs\/en\/product\/ucimo-srpski-1-e-book\/"]}]},{"@type":"ImageObject","inLanguage":"en-US","@id":"https:\/\/azbukum.edu.rs\/en\/product\/ucimo-srpski-1-e-book\/#primaryimage","url":"https:\/\/azbukum.edu.rs\/media\/3-sajt-US1-EBOOK-eng-web.jpg","contentUrl":"https:\/\/azbukum.edu.rs\/media\/3-sajt-US1-EBOOK-eng-web.jpg","width":1200,"height":1200},{"@type":"BreadcrumbList","@id":"https:\/\/azbukum.edu.rs\/en\/product\/ucimo-srpski-1-e-book\/#breadcrumb","itemListElement":[{"@type":"ListItem","position":1,"name":"Po\u010detna","item":"https:\/\/azbukum.edu.rs\/en\/"},{"@type":"ListItem","position":2,"name":"Shop","item":"https:\/\/azbukum.edu.rs\/en\/shop\/"},{"@type":"ListItem","position":3,"name":"U\u010dimo srpski 1 e-book"}]},{"@type":"WebSite","@id":"https:\/\/azbukum.edu.rs\/en\/#website","url":"https:\/\/azbukum.edu.rs\/en\/","name":"Azbukum","description":"Centar za srpski jezik i kulturu","publisher":{"@id":"https:\/\/azbukum.edu.rs\/en\/#organization"},"potentialAction":[{"@type":"SearchAction","target":{"@type":"EntryPoint","urlTemplate":"https:\/\/azbukum.edu.rs\/en\/?s={search_term_string}"},"query-input":{"@type":"PropertyValueSpecification","valueRequired":true,"valueName":"search_term_string"}}],"inLanguage":"en-US"},{"@type":"Organization","@id":"https:\/\/azbukum.edu.rs\/en\/#organization","name":"Azbukum","url":"https:\/\/azbukum.edu.rs\/en\/","logo":{"@type":"ImageObject","inLanguage":"en-US","@id":"https:\/\/azbukum.edu.rs\/en\/#\/schema\/logo\/image\/","url":"https:\/\/azbukum.edu.rs\/media\/azbukum-logo-1.svg","contentUrl":"https:\/\/azbukum.edu.rs\/media\/azbukum-logo-1.svg","width":70,"height":49,"caption":"Azbukum"},"image":{"@id":"https:\/\/azbukum.edu.rs\/en\/#\/schema\/logo\/image\/"},"sameAs":["https:\/\/www.facebook.com\/Azbukum","https:\/\/www.instagram.com\/azbukum\/"]}]}},"_links":{"self":[{"href":"https:\/\/azbukum.edu.rs\/en\/wp-json\/wp\/v2\/product\/25010","targetHints":{"allow":["GET"]}}],"collection":[{"href":"https:\/\/azbukum.edu.rs\/en\/wp-json\/wp\/v2\/product"}],"about":[{"href":"https:\/\/azbukum.edu.rs\/en\/wp-json\/wp\/v2\/types\/product"}],"wp:featuredmedia":[{"embeddable":true,"href":"https:\/\/azbukum.edu.rs\/en\/wp-json\/wp\/v2\/media\/23892"}],"wp:attachment":[{"href":"https:\/\/azbukum.edu.rs\/en\/wp-json\/wp\/v2\/media?parent=25010"}],"wp:term":[{"taxonomy":"product_brand","embeddable":true,"href":"https:\/\/azbukum.edu.rs\/en\/wp-json\/wp\/v2\/product_brand?post=25010"},{"taxonomy":"product_cat","embeddable":true,"href":"https:\/\/azbukum.edu.rs\/en\/wp-json\/wp\/v2\/product_cat?post=25010"},{"taxonomy":"product_tag","embeddable":true,"href":"https:\/\/azbukum.edu.rs\/en\/wp-json\/wp\/v2\/product_tag?post=25010"}],"curies":[{"name":"wp","href":"https:\/\/api.w.org\/{rel}","templated":true}]}}