{"id":23786,"date":"2025-12-26T11:23:09","date_gmt":"2025-07-10T09:23:09","guid":{"rendered":"https:\/\/azbukum4.connections.rs\/product\/az-buki-srpski-1-a1-2-udzbenik-i-onlajn-prog\/"},"modified":"2025-09-26T02:25:54","modified_gmt":"2025-09-26T00:25:54","slug":"az-buki-srpski-1-elementary-a1-2-textbook-and-online-program","status":"publish","type":"product","link":"https:\/\/azbukum.edu.rs\/en\/product\/az-buki-srpski-1-elementary-a1-2-textbook-and-online-program\/","title":{"rendered":"Az buki srpski 1 (Elementary A1.2) Textbook and Online Program"},"content":{"rendered":"","protected":false},"excerpt":{"rendered":"<p><strong>A textbook and interactive online program for children aged 6 to 9 who have mastered the beginner level of Serbian<\/strong><\/p>\n<p><span style=\"font-weight: 400;\">Authors:<\/span><span style=\"font-weight: 400;\"><br \/>\n<\/span><span style=\"color: #ff8300;\"><span style=\"font-weight: 400;\">Nata\u0161a Mili\u0107evi\u0107 Dobromirov<\/span><span style=\"font-weight: 400;\"><br \/>\n<\/span><span style=\"font-weight: 400;\">Biljana Novkovi\u0107 Ad\u017eaip<\/span><span style=\"font-weight: 400;\"><br \/>\n<\/span><span style=\"font-weight: 400;\">Sanja Seka\u010d<\/span><\/span><\/p>\n<h6><i><span style=\"font-weight: 400;\">Textbook Azbukum Center, 2025<br \/>\nISBN 978-86-900624-4-7<\/span><\/i><i><span style=\"font-weight: 400;\"><br \/>\n<\/span><\/i><i><span style=\"font-weight: 400;\">128 pages, full color, Latin and Cyrillic text<br \/>\n<\/span><\/i><i><span style=\"font-weight: 400;\">Level<strong> A1<\/strong> (<strong>A1.2<\/strong>)<\/span><\/i><\/h6>\n<p><b>The newest Azbukum textbook for children<\/b><span style=\"font-weight: 400;\"> Az buki srpski 1 (A1.2) is a continuation of the textbook Az buki srpski 1 (A1.1). It is intended for children who already have knowledge at the beginner level (A1.1). This material consists of a richly illustrated textbook and interactive exercises available on AOS, along with additional downloadable materials in PDF format.<\/span><span style=\"font-weight: 400;\"><br \/>\n<\/span><span style=\"font-weight: 400;\">It is suitable for children of both Serbian and non-Serbian origin.<\/span><\/p>\n<p><i><span style=\"font-weight: 400;\">*Access to interactive exercises lasts for 24 months.<\/span><\/i><\/p>\n","protected":false},"featured_media":24246,"template":"","meta":[],"product_brand":[],"product_cat":[111,60],"product_tag":[270],"class_list":{"0":"post-23786","1":"product","2":"type-product","3":"status-publish","4":"has-post-thumbnail","6":"product_cat-children-and-young-adults","7":"product_cat-level-a1","8":"product_tag-udzbenik-uz-onlajn-program-en","10":"first","11":"instock","12":"taxable","13":"shipping-taxable","14":"purchasable","15":"product-type-simple"},"yoast_head":"<!-- This site is optimized with the Yoast SEO plugin v24.9 - https:\/\/yoast.com\/wordpress\/plugins\/seo\/ -->\n<title>Az buki srpski 1 (Elementary A1.2) Textbook and Online Program - Azbukum<\/title>\n<meta name=\"description\" content=\"Bogato ilustrovan ud\u017ebenik i interaktivan onlajn program sa video lekcijama \u2013 za decu uzrasta 5 do 8 godina, koja tek po\u010dinju da u\u010de srpski.\" \/>\n<meta name=\"robots\" content=\"index, follow, max-snippet:-1, max-image-preview:large, max-video-preview:-1\" \/>\n<link rel=\"canonical\" href=\"https:\/\/azbukum.edu.rs\/en\/product\/az-buki-srpski-1-elementary-a1-2-textbook-and-online-program\/\" \/>\n<meta property=\"og:locale\" content=\"en_US\" \/>\n<meta property=\"og:type\" content=\"article\" \/>\n<meta property=\"og:title\" content=\"Az buki srpski 1 (Elementary A1.2) Textbook and Online Program - Azbukum\" \/>\n<meta property=\"og:description\" content=\"Bogato ilustrovan ud\u017ebenik i interaktivan onlajn program sa video lekcijama \u2013 za decu uzrasta 5 do 8 godina, koja tek po\u010dinju da u\u010de srpski.\" \/>\n<meta property=\"og:url\" content=\"https:\/\/azbukum.edu.rs\/en\/product\/az-buki-srpski-1-elementary-a1-2-textbook-and-online-program\/\" \/>\n<meta property=\"og:site_name\" content=\"Azbukum\" \/>\n<meta property=\"article:publisher\" content=\"https:\/\/www.facebook.com\/Azbukum\" \/>\n<meta property=\"article:modified_time\" content=\"2025-09-26T00:25:54+00:00\" \/>\n<meta name=\"twitter:card\" content=\"summary_large_image\" \/>\n<script type=\"application\/ld+json\" class=\"yoast-schema-graph\">{\"@context\":\"https:\/\/schema.org\",\"@graph\":[{\"@type\":\"WebPage\",\"@id\":\"https:\/\/azbukum.edu.rs\/en\/product\/az-buki-srpski-1-elementary-a1-2-textbook-and-online-program\/\",\"url\":\"https:\/\/azbukum.edu.rs\/en\/product\/az-buki-srpski-1-elementary-a1-2-textbook-and-online-program\/\",\"name\":\"Az buki srpski 1 (Elementary A1.2) \u0422extbook and Online Program - Azbukum\",\"isPartOf\":{\"@id\":\"https:\/\/azbukum.edu.rs\/en\/#website\"},\"primaryImageOfPage\":{\"@id\":\"https:\/\/azbukum.edu.rs\/en\/product\/az-buki-srpski-1-elementary-a1-2-textbook-and-online-program\/#primaryimage\"},\"image\":{\"@id\":\"https:\/\/azbukum.edu.rs\/en\/product\/az-buki-srpski-1-elementary-a1-2-textbook-and-online-program\/#primaryimage\"},\"thumbnailUrl\":\"https:\/\/azbukum.edu.rs\/media\/sajt-kombinovano-ABS1-1.2.jpg\",\"datePublished\":\"2025-07-10T09:23:09+00:00\",\"dateModified\":\"2025-09-26T00:25:54+00:00\",\"description\":\"\u0411\u043e\u0433\u0430\u0442\u043e \u0438\u043b\u0443\u0441\u0442\u0440\u043e\u0432\u0430\u043d \u0443\u045f\u0431\u0435\u043d\u0438\u043a \u0438 \u0438\u043d\u0442\u0435\u0440\u0430\u043a\u0442\u0438\u0432\u0430\u043d \u043e\u043d\u043b\u0430\u0458\u043d \u043f\u0440\u043e\u0433\u0440\u0430\u043c \u0441\u0430 \u0432\u0438\u0434\u0435\u043e \u043b\u0435\u043a\u0446\u0438\u0458\u0430\u043c\u0430 \u2013 \u0437\u0430 \u0434\u0435\u0446\u0443 \u0443\u0437\u0440\u0430\u0441\u0442\u0430 5 \u0434\u043e 8 \u0433\u043e\u0434\u0438\u043d\u0430, \u043a\u043e\u0458\u0430 \u0442\u0435\u043a \u043f\u043e\u0447\u0438\u045a\u0443 \u0434\u0430 \u0443\u0447\u0435 \u0441\u0440\u043f\u0441\u043a\u0438.\",\"breadcrumb\":{\"@id\":\"https:\/\/azbukum.edu.rs\/en\/product\/az-buki-srpski-1-elementary-a1-2-textbook-and-online-program\/#breadcrumb\"},\"inLanguage\":\"en-US\",\"potentialAction\":[{\"@type\":\"ReadAction\",\"target\":[\"https:\/\/azbukum.edu.rs\/en\/product\/az-buki-srpski-1-elementary-a1-2-textbook-and-online-program\/\"]}]},{\"@type\":\"ImageObject\",\"inLanguage\":\"en-US\",\"@id\":\"https:\/\/azbukum.edu.rs\/en\/product\/az-buki-srpski-1-elementary-a1-2-textbook-and-online-program\/#primaryimage\",\"url\":\"https:\/\/azbukum.edu.rs\/media\/sajt-kombinovano-ABS1-1.2.jpg\",\"contentUrl\":\"https:\/\/azbukum.edu.rs\/media\/sajt-kombinovano-ABS1-1.2.jpg\",\"width\":1200,\"height\":1200},{\"@type\":\"BreadcrumbList\",\"@id\":\"https:\/\/azbukum.edu.rs\/en\/product\/az-buki-srpski-1-elementary-a1-2-textbook-and-online-program\/#breadcrumb\",\"itemListElement\":[{\"@type\":\"ListItem\",\"position\":1,\"name\":\"\u041f\u043e\u0447\u0435\u0442\u043d\u0430\",\"item\":\"https:\/\/azbukum.edu.rs\/en\/\"},{\"@type\":\"ListItem\",\"position\":2,\"name\":\"Shop\",\"item\":\"https:\/\/azbukum.edu.rs\/en\/shop\/\"},{\"@type\":\"ListItem\",\"position\":3,\"name\":\"Az buki srpski 1 (Elementary A1.2) \u0422extbook and Online Program\"}]},{\"@type\":\"WebSite\",\"@id\":\"https:\/\/azbukum.edu.rs\/en\/#website\",\"url\":\"https:\/\/azbukum.edu.rs\/en\/\",\"name\":\"Azbukum\",\"description\":\"Centar za srpski jezik i kulturu\",\"publisher\":{\"@id\":\"https:\/\/azbukum.edu.rs\/en\/#organization\"},\"potentialAction\":[{\"@type\":\"SearchAction\",\"target\":{\"@type\":\"EntryPoint\",\"urlTemplate\":\"https:\/\/azbukum.edu.rs\/en\/?s={search_term_string}\"},\"query-input\":{\"@type\":\"PropertyValueSpecification\",\"valueRequired\":true,\"valueName\":\"search_term_string\"}}],\"inLanguage\":\"en-US\"},{\"@type\":\"Organization\",\"@id\":\"https:\/\/azbukum.edu.rs\/en\/#organization\",\"name\":\"Azbukum\",\"url\":\"https:\/\/azbukum.edu.rs\/en\/\",\"logo\":{\"@type\":\"ImageObject\",\"inLanguage\":\"en-US\",\"@id\":\"https:\/\/azbukum.edu.rs\/en\/#\/schema\/logo\/image\/\",\"url\":\"https:\/\/azbukum.edu.rs\/media\/azbukum-logo-1.svg\",\"contentUrl\":\"https:\/\/azbukum.edu.rs\/media\/azbukum-logo-1.svg\",\"width\":70,\"height\":49,\"caption\":\"Azbukum\"},\"image\":{\"@id\":\"https:\/\/azbukum.edu.rs\/en\/#\/schema\/logo\/image\/\"},\"sameAs\":[\"https:\/\/www.facebook.com\/Azbukum\",\"https:\/\/www.instagram.com\/azbukum\/\"]}]}<\/script>\n<!-- \/ Yoast SEO plugin. -->","yoast_head_json":{"title":"Az buki srpski 1 (Elementary A1.2) Textbook and Online Program - Azbukum","description":"Bogato ilustrovan ud\u017ebenik i interaktivan onlajn program sa video lekcijama \u2013 za decu uzrasta 5 do 8 godina, koja tek po\u010dinju da u\u010de srpski.","robots":{"index":"index","follow":"follow","max-snippet":"max-snippet:-1","max-image-preview":"max-image-preview:large","max-video-preview":"max-video-preview:-1"},"canonical":"https:\/\/azbukum.edu.rs\/en\/product\/az-buki-srpski-1-elementary-a1-2-textbook-and-online-program\/","og_locale":"en_US","og_type":"article","og_title":"Az buki srpski 1 (Elementary A1.2) Textbook and Online Program - Azbukum","og_description":"Bogato ilustrovan ud\u017ebenik i interaktivan onlajn program sa video lekcijama \u2013 za decu uzrasta 5 do 8 godina, koja tek po\u010dinju da u\u010de srpski.","og_url":"https:\/\/azbukum.edu.rs\/en\/product\/az-buki-srpski-1-elementary-a1-2-textbook-and-online-program\/","og_site_name":"Azbukum","article_publisher":"https:\/\/www.facebook.com\/Azbukum","article_modified_time":"2025-09-26T00:25:54+00:00","twitter_card":"summary_large_image","schema":{"@context":"https:\/\/schema.org","@graph":[{"@type":"WebPage","@id":"https:\/\/azbukum.edu.rs\/en\/product\/az-buki-srpski-1-elementary-a1-2-textbook-and-online-program\/","url":"https:\/\/azbukum.edu.rs\/en\/product\/az-buki-srpski-1-elementary-a1-2-textbook-and-online-program\/","name":"Az buki srpski 1 (Elementary A1.2) Textbook and Online Program - Azbukum","isPartOf":{"@id":"https:\/\/azbukum.edu.rs\/en\/#website"},"primaryImageOfPage":{"@id":"https:\/\/azbukum.edu.rs\/en\/product\/az-buki-srpski-1-elementary-a1-2-textbook-and-online-program\/#primaryimage"},"image":{"@id":"https:\/\/azbukum.edu.rs\/en\/product\/az-buki-srpski-1-elementary-a1-2-textbook-and-online-program\/#primaryimage"},"thumbnailUrl":"https:\/\/azbukum.edu.rs\/media\/sajt-kombinovano-ABS1-1.2.jpg","datePublished":"2025-07-10T09:23:09+00:00","dateModified":"2025-09-26T00:25:54+00:00","description":"Bogato ilustrovan ud\u017ebenik i interaktivan onlajn program sa video lekcijama \u2013 za decu uzrasta 5 do 8 godina, koja tek po\u010dinju da u\u010de srpski.","breadcrumb":{"@id":"https:\/\/azbukum.edu.rs\/en\/product\/az-buki-srpski-1-elementary-a1-2-textbook-and-online-program\/#breadcrumb"},"inLanguage":"en-US","potentialAction":[{"@type":"ReadAction","target":["https:\/\/azbukum.edu.rs\/en\/product\/az-buki-srpski-1-elementary-a1-2-textbook-and-online-program\/"]}]},{"@type":"ImageObject","inLanguage":"en-US","@id":"https:\/\/azbukum.edu.rs\/en\/product\/az-buki-srpski-1-elementary-a1-2-textbook-and-online-program\/#primaryimage","url":"https:\/\/azbukum.edu.rs\/media\/sajt-kombinovano-ABS1-1.2.jpg","contentUrl":"https:\/\/azbukum.edu.rs\/media\/sajt-kombinovano-ABS1-1.2.jpg","width":1200,"height":1200},{"@type":"BreadcrumbList","@id":"https:\/\/azbukum.edu.rs\/en\/product\/az-buki-srpski-1-elementary-a1-2-textbook-and-online-program\/#breadcrumb","itemListElement":[{"@type":"ListItem","position":1,"name":"Po\u010detna","item":"https:\/\/azbukum.edu.rs\/en\/"},{"@type":"ListItem","position":2,"name":"Shop","item":"https:\/\/azbukum.edu.rs\/en\/shop\/"},{"@type":"ListItem","position":3,"name":"Az buki srpski 1 (Elementary A1.2) Textbook and Online Program"}]},{"@type":"WebSite","@id":"https:\/\/azbukum.edu.rs\/en\/#website","url":"https:\/\/azbukum.edu.rs\/en\/","name":"Azbukum","description":"Centar za srpski jezik i kulturu","publisher":{"@id":"https:\/\/azbukum.edu.rs\/en\/#organization"},"potentialAction":[{"@type":"SearchAction","target":{"@type":"EntryPoint","urlTemplate":"https:\/\/azbukum.edu.rs\/en\/?s={search_term_string}"},"query-input":{"@type":"PropertyValueSpecification","valueRequired":true,"valueName":"search_term_string"}}],"inLanguage":"en-US"},{"@type":"Organization","@id":"https:\/\/azbukum.edu.rs\/en\/#organization","name":"Azbukum","url":"https:\/\/azbukum.edu.rs\/en\/","logo":{"@type":"ImageObject","inLanguage":"en-US","@id":"https:\/\/azbukum.edu.rs\/en\/#\/schema\/logo\/image\/","url":"https:\/\/azbukum.edu.rs\/media\/azbukum-logo-1.svg","contentUrl":"https:\/\/azbukum.edu.rs\/media\/azbukum-logo-1.svg","width":70,"height":49,"caption":"Azbukum"},"image":{"@id":"https:\/\/azbukum.edu.rs\/en\/#\/schema\/logo\/image\/"},"sameAs":["https:\/\/www.facebook.com\/Azbukum","https:\/\/www.instagram.com\/azbukum\/"]}]}},"_links":{"self":[{"href":"https:\/\/azbukum.edu.rs\/en\/wp-json\/wp\/v2\/product\/23786","targetHints":{"allow":["GET"]}}],"collection":[{"href":"https:\/\/azbukum.edu.rs\/en\/wp-json\/wp\/v2\/product"}],"about":[{"href":"https:\/\/azbukum.edu.rs\/en\/wp-json\/wp\/v2\/types\/product"}],"wp:featuredmedia":[{"embeddable":true,"href":"https:\/\/azbukum.edu.rs\/en\/wp-json\/wp\/v2\/media\/24246"}],"wp:attachment":[{"href":"https:\/\/azbukum.edu.rs\/en\/wp-json\/wp\/v2\/media?parent=23786"}],"wp:term":[{"taxonomy":"product_brand","embeddable":true,"href":"https:\/\/azbukum.edu.rs\/en\/wp-json\/wp\/v2\/product_brand?post=23786"},{"taxonomy":"product_cat","embeddable":true,"href":"https:\/\/azbukum.edu.rs\/en\/wp-json\/wp\/v2\/product_cat?post=23786"},{"taxonomy":"product_tag","embeddable":true,"href":"https:\/\/azbukum.edu.rs\/en\/wp-json\/wp\/v2\/product_tag?post=23786"}],"curies":[{"name":"wp","href":"https:\/\/api.w.org\/{rel}","templated":true}]}}