{"id":23513,"date":"2025-12-27T14:38:08","date_gmt":"2025-12-27T13:38:08","guid":{"rendered":"https:\/\/azbukum4.connections.rs\/?post_type=product&#038;p=23513"},"modified":"2026-04-03T15:06:34","modified_gmt":"2026-04-03T13:06:34","slug":"az-buki-srpski-1-textbook-and-online-program","status":"publish","type":"product","link":"https:\/\/azbukum.edu.rs\/en\/product\/az-buki-srpski-1-textbook-and-online-program\/","title":{"rendered":"Az buki srpski 1 (Begginers&#8217; A1.1) Textbook and Online program"},"content":{"rendered":"","protected":false},"excerpt":{"rendered":"<p><strong>A perfect study program for children aged 5-8<\/strong><\/p>\n<p>Authors:<br \/>\n<span style=\"color: #ff6600;\">Nata\u0161a Mili\u0107evi\u0107 Dobromirov<\/span><br \/>\n<span style=\"color: #ff6600;\">Biljana Novkovi\u0107 Ad\u017eaip<\/span><br \/>\n<span style=\"color: #ff6600;\">Sanja Seka\u010d<\/span><\/p>\n<h6>Textbook Azbukum Center, 2024<br \/>\nISBN978-86-900624-3-0<br \/>\n96 pages, full color, Latin and Cyrillic text<br \/>\nLevel <strong>A1<br \/>\n<\/strong><\/h6>\n<p>Azbukum\u2019s program for children aged 5 to 8 who are just starting to learn Serbian consists of a richly illustrated textbook and video lessons with exercises, as well as additional downloadable materials in PDF format. Access to the video lessons is provided via a code located on the last page of the textbook.<\/p>\n<p>It is intended for children of both Serbian and foreign background.<\/p>\n<p><em><span class=\"Y2IQFc\" lang=\"en\">*Access to video lessons lasts 24 months.<\/span><\/em><\/p>\n","protected":false},"featured_media":20915,"template":"","meta":[],"product_brand":[],"product_cat":[111,60],"product_tag":[],"class_list":{"0":"post-23513","1":"product","2":"type-product","3":"status-publish","4":"has-post-thumbnail","6":"product_cat-children-and-young-adults","7":"product_cat-level-a1","9":"first","10":"instock","11":"taxable","12":"shipping-taxable","13":"purchasable","14":"product-type-simple"},"yoast_head":"<!-- This site is optimized with the Yoast SEO plugin v24.9 - https:\/\/yoast.com\/wordpress\/plugins\/seo\/ -->\n<title>Az buki srpski 1 (Begginers&#039; A1.1) Textbook and Online program - Azbukum<\/title>\n<meta name=\"description\" content=\"The first Azbukum Serbian study program for children aged 6-8. It consists of the textbook, a separate workbook, and audio recordings.\" \/>\n<meta name=\"robots\" content=\"index, follow, max-snippet:-1, max-image-preview:large, max-video-preview:-1\" \/>\n<link rel=\"canonical\" href=\"https:\/\/azbukum.edu.rs\/en\/product\/az-buki-srpski-1-textbook-and-online-program\/\" \/>\n<meta property=\"og:locale\" content=\"en_US\" \/>\n<meta property=\"og:type\" content=\"article\" \/>\n<meta property=\"og:title\" content=\"Az buki srpski 1 (Begginers&#039; A1.1) Textbook and Online program - Azbukum\" \/>\n<meta property=\"og:description\" content=\"The first Azbukum Serbian study program for children aged 6-8. It consists of the textbook, a separate workbook, and audio recordings.\" \/>\n<meta property=\"og:url\" content=\"https:\/\/azbukum.edu.rs\/en\/product\/az-buki-srpski-1-textbook-and-online-program\/\" \/>\n<meta property=\"og:site_name\" content=\"Azbukum\" \/>\n<meta property=\"article:publisher\" content=\"https:\/\/www.facebook.com\/Azbukum\" \/>\n<meta property=\"article:modified_time\" content=\"2026-04-03T13:06:34+00:00\" \/>\n<meta property=\"og:image\" content=\"https:\/\/azbukum.edu.rs\/media\/Azb_onlajn-udzb_0007_sajt_kombinovano-ABS1.jpg\" \/>\n\t<meta property=\"og:image:width\" content=\"1200\" \/>\n\t<meta property=\"og:image:height\" content=\"1200\" \/>\n\t<meta property=\"og:image:type\" content=\"image\/jpeg\" \/>\n<meta name=\"twitter:card\" content=\"summary_large_image\" \/>\n<meta name=\"twitter:label1\" content=\"Est. reading time\" \/>\n\t<meta name=\"twitter:data1\" content=\"1 minute\" \/>\n<script type=\"application\/ld+json\" class=\"yoast-schema-graph\">{\"@context\":\"https:\/\/schema.org\",\"@graph\":[{\"@type\":\"WebPage\",\"@id\":\"https:\/\/azbukum.edu.rs\/en\/product\/az-buki-srpski-1-textbook-and-online-program\/\",\"url\":\"https:\/\/azbukum.edu.rs\/en\/product\/az-buki-srpski-1-textbook-and-online-program\/\",\"name\":\"Az buki srpski 1 (Begginers' A1.1) \u0422extbook and Online program - Azbukum\",\"isPartOf\":{\"@id\":\"https:\/\/azbukum.edu.rs\/en\/#website\"},\"primaryImageOfPage\":{\"@id\":\"https:\/\/azbukum.edu.rs\/en\/product\/az-buki-srpski-1-textbook-and-online-program\/#primaryimage\"},\"image\":{\"@id\":\"https:\/\/azbukum.edu.rs\/en\/product\/az-buki-srpski-1-textbook-and-online-program\/#primaryimage\"},\"thumbnailUrl\":\"https:\/\/azbukum.edu.rs\/media\/Azb_onlajn-udzb_0007_sajt_kombinovano-ABS1.jpg\",\"datePublished\":\"2025-12-27T13:38:08+00:00\",\"dateModified\":\"2026-04-03T13:06:34+00:00\",\"description\":\"The first Azbukum Serbian study program for children aged 6-8. It consists of the textbook, a separate workbook, and audio recordings.\",\"breadcrumb\":{\"@id\":\"https:\/\/azbukum.edu.rs\/en\/product\/az-buki-srpski-1-textbook-and-online-program\/#breadcrumb\"},\"inLanguage\":\"en-US\",\"potentialAction\":[{\"@type\":\"ReadAction\",\"target\":[\"https:\/\/azbukum.edu.rs\/en\/product\/az-buki-srpski-1-textbook-and-online-program\/\"]}]},{\"@type\":\"ImageObject\",\"inLanguage\":\"en-US\",\"@id\":\"https:\/\/azbukum.edu.rs\/en\/product\/az-buki-srpski-1-textbook-and-online-program\/#primaryimage\",\"url\":\"https:\/\/azbukum.edu.rs\/media\/Azb_onlajn-udzb_0007_sajt_kombinovano-ABS1.jpg\",\"contentUrl\":\"https:\/\/azbukum.edu.rs\/media\/Azb_onlajn-udzb_0007_sajt_kombinovano-ABS1.jpg\",\"width\":1200,\"height\":1200},{\"@type\":\"BreadcrumbList\",\"@id\":\"https:\/\/azbukum.edu.rs\/en\/product\/az-buki-srpski-1-textbook-and-online-program\/#breadcrumb\",\"itemListElement\":[{\"@type\":\"ListItem\",\"position\":1,\"name\":\"\u041f\u043e\u0447\u0435\u0442\u043d\u0430\",\"item\":\"https:\/\/azbukum.edu.rs\/en\/\"},{\"@type\":\"ListItem\",\"position\":2,\"name\":\"Shop\",\"item\":\"https:\/\/azbukum.edu.rs\/en\/shop\/\"},{\"@type\":\"ListItem\",\"position\":3,\"name\":\"Az buki srpski 1 (Begginers&#8217; A1.1) Textbook and Online program\"}]},{\"@type\":\"WebSite\",\"@id\":\"https:\/\/azbukum.edu.rs\/en\/#website\",\"url\":\"https:\/\/azbukum.edu.rs\/en\/\",\"name\":\"Azbukum\",\"description\":\"Centar za srpski jezik i kulturu\",\"publisher\":{\"@id\":\"https:\/\/azbukum.edu.rs\/en\/#organization\"},\"potentialAction\":[{\"@type\":\"SearchAction\",\"target\":{\"@type\":\"EntryPoint\",\"urlTemplate\":\"https:\/\/azbukum.edu.rs\/en\/?s={search_term_string}\"},\"query-input\":{\"@type\":\"PropertyValueSpecification\",\"valueRequired\":true,\"valueName\":\"search_term_string\"}}],\"inLanguage\":\"en-US\"},{\"@type\":\"Organization\",\"@id\":\"https:\/\/azbukum.edu.rs\/en\/#organization\",\"name\":\"Azbukum\",\"url\":\"https:\/\/azbukum.edu.rs\/en\/\",\"logo\":{\"@type\":\"ImageObject\",\"inLanguage\":\"en-US\",\"@id\":\"https:\/\/azbukum.edu.rs\/en\/#\/schema\/logo\/image\/\",\"url\":\"https:\/\/azbukum.edu.rs\/media\/azbukum-logo-1.svg\",\"contentUrl\":\"https:\/\/azbukum.edu.rs\/media\/azbukum-logo-1.svg\",\"width\":70,\"height\":49,\"caption\":\"Azbukum\"},\"image\":{\"@id\":\"https:\/\/azbukum.edu.rs\/en\/#\/schema\/logo\/image\/\"},\"sameAs\":[\"https:\/\/www.facebook.com\/Azbukum\",\"https:\/\/www.instagram.com\/azbukum\/\"]}]}<\/script>\n<!-- \/ Yoast SEO plugin. -->","yoast_head_json":{"title":"Az buki srpski 1 (Begginers' A1.1) Textbook and Online program - Azbukum","description":"The first Azbukum Serbian study program for children aged 6-8. It consists of the textbook, a separate workbook, and audio recordings.","robots":{"index":"index","follow":"follow","max-snippet":"max-snippet:-1","max-image-preview":"max-image-preview:large","max-video-preview":"max-video-preview:-1"},"canonical":"https:\/\/azbukum.edu.rs\/en\/product\/az-buki-srpski-1-textbook-and-online-program\/","og_locale":"en_US","og_type":"article","og_title":"Az buki srpski 1 (Begginers' A1.1) Textbook and Online program - Azbukum","og_description":"The first Azbukum Serbian study program for children aged 6-8. It consists of the textbook, a separate workbook, and audio recordings.","og_url":"https:\/\/azbukum.edu.rs\/en\/product\/az-buki-srpski-1-textbook-and-online-program\/","og_site_name":"Azbukum","article_publisher":"https:\/\/www.facebook.com\/Azbukum","article_modified_time":"2026-04-03T13:06:34+00:00","og_image":[{"width":1200,"height":1200,"url":"https:\/\/azbukum.edu.rs\/media\/Azb_onlajn-udzb_0007_sajt_kombinovano-ABS1.jpg","type":"image\/jpeg"}],"twitter_card":"summary_large_image","twitter_misc":{"Est. reading time":"1 minute"},"schema":{"@context":"https:\/\/schema.org","@graph":[{"@type":"WebPage","@id":"https:\/\/azbukum.edu.rs\/en\/product\/az-buki-srpski-1-textbook-and-online-program\/","url":"https:\/\/azbukum.edu.rs\/en\/product\/az-buki-srpski-1-textbook-and-online-program\/","name":"Az buki srpski 1 (Begginers' A1.1) Textbook and Online program - Azbukum","isPartOf":{"@id":"https:\/\/azbukum.edu.rs\/en\/#website"},"primaryImageOfPage":{"@id":"https:\/\/azbukum.edu.rs\/en\/product\/az-buki-srpski-1-textbook-and-online-program\/#primaryimage"},"image":{"@id":"https:\/\/azbukum.edu.rs\/en\/product\/az-buki-srpski-1-textbook-and-online-program\/#primaryimage"},"thumbnailUrl":"https:\/\/azbukum.edu.rs\/media\/Azb_onlajn-udzb_0007_sajt_kombinovano-ABS1.jpg","datePublished":"2025-12-27T13:38:08+00:00","dateModified":"2026-04-03T13:06:34+00:00","description":"The first Azbukum Serbian study program for children aged 6-8. It consists of the textbook, a separate workbook, and audio recordings.","breadcrumb":{"@id":"https:\/\/azbukum.edu.rs\/en\/product\/az-buki-srpski-1-textbook-and-online-program\/#breadcrumb"},"inLanguage":"en-US","potentialAction":[{"@type":"ReadAction","target":["https:\/\/azbukum.edu.rs\/en\/product\/az-buki-srpski-1-textbook-and-online-program\/"]}]},{"@type":"ImageObject","inLanguage":"en-US","@id":"https:\/\/azbukum.edu.rs\/en\/product\/az-buki-srpski-1-textbook-and-online-program\/#primaryimage","url":"https:\/\/azbukum.edu.rs\/media\/Azb_onlajn-udzb_0007_sajt_kombinovano-ABS1.jpg","contentUrl":"https:\/\/azbukum.edu.rs\/media\/Azb_onlajn-udzb_0007_sajt_kombinovano-ABS1.jpg","width":1200,"height":1200},{"@type":"BreadcrumbList","@id":"https:\/\/azbukum.edu.rs\/en\/product\/az-buki-srpski-1-textbook-and-online-program\/#breadcrumb","itemListElement":[{"@type":"ListItem","position":1,"name":"Po\u010detna","item":"https:\/\/azbukum.edu.rs\/en\/"},{"@type":"ListItem","position":2,"name":"Shop","item":"https:\/\/azbukum.edu.rs\/en\/shop\/"},{"@type":"ListItem","position":3,"name":"Az buki srpski 1 (Begginers&#8217; A1.1) Textbook and Online program"}]},{"@type":"WebSite","@id":"https:\/\/azbukum.edu.rs\/en\/#website","url":"https:\/\/azbukum.edu.rs\/en\/","name":"Azbukum","description":"Centar za srpski jezik i kulturu","publisher":{"@id":"https:\/\/azbukum.edu.rs\/en\/#organization"},"potentialAction":[{"@type":"SearchAction","target":{"@type":"EntryPoint","urlTemplate":"https:\/\/azbukum.edu.rs\/en\/?s={search_term_string}"},"query-input":{"@type":"PropertyValueSpecification","valueRequired":true,"valueName":"search_term_string"}}],"inLanguage":"en-US"},{"@type":"Organization","@id":"https:\/\/azbukum.edu.rs\/en\/#organization","name":"Azbukum","url":"https:\/\/azbukum.edu.rs\/en\/","logo":{"@type":"ImageObject","inLanguage":"en-US","@id":"https:\/\/azbukum.edu.rs\/en\/#\/schema\/logo\/image\/","url":"https:\/\/azbukum.edu.rs\/media\/azbukum-logo-1.svg","contentUrl":"https:\/\/azbukum.edu.rs\/media\/azbukum-logo-1.svg","width":70,"height":49,"caption":"Azbukum"},"image":{"@id":"https:\/\/azbukum.edu.rs\/en\/#\/schema\/logo\/image\/"},"sameAs":["https:\/\/www.facebook.com\/Azbukum","https:\/\/www.instagram.com\/azbukum\/"]}]}},"_links":{"self":[{"href":"https:\/\/azbukum.edu.rs\/en\/wp-json\/wp\/v2\/product\/23513","targetHints":{"allow":["GET"]}}],"collection":[{"href":"https:\/\/azbukum.edu.rs\/en\/wp-json\/wp\/v2\/product"}],"about":[{"href":"https:\/\/azbukum.edu.rs\/en\/wp-json\/wp\/v2\/types\/product"}],"wp:featuredmedia":[{"embeddable":true,"href":"https:\/\/azbukum.edu.rs\/en\/wp-json\/wp\/v2\/media\/20915"}],"wp:attachment":[{"href":"https:\/\/azbukum.edu.rs\/en\/wp-json\/wp\/v2\/media?parent=23513"}],"wp:term":[{"taxonomy":"product_brand","embeddable":true,"href":"https:\/\/azbukum.edu.rs\/en\/wp-json\/wp\/v2\/product_brand?post=23513"},{"taxonomy":"product_cat","embeddable":true,"href":"https:\/\/azbukum.edu.rs\/en\/wp-json\/wp\/v2\/product_cat?post=23513"},{"taxonomy":"product_tag","embeddable":true,"href":"https:\/\/azbukum.edu.rs\/en\/wp-json\/wp\/v2\/product_tag?post=23513"}],"curies":[{"name":"wp","href":"https:\/\/api.w.org\/{rel}","templated":true}]}}