{"id":23507,"date":"2025-11-30T15:12:00","date_gmt":"2025-04-27T05:59:02","guid":{"rendered":"https:\/\/azbukum4.connections.rs\/?post_type=product&#038;p=23507"},"modified":"2025-11-19T22:26:16","modified_gmt":"2025-11-19T21:26:16","slug":"ucimo-srpski-2-textbook","status":"publish","type":"product","link":"https:\/\/azbukum.edu.rs\/en\/product\/ucimo-srpski-2-textbook\/","title":{"rendered":"U\u010dimo srpski 2 Textbook"},"content":{"rendered":"","protected":false},"excerpt":{"rendered":"<p><strong><b>Intended for those who already possess an elementary knowledge of the language (A2 and B1) and wish to put it into practice.\u00a0<\/b><\/strong><\/p>\n<p><span style=\"font-weight: 400;\">Authors:<br \/>\n<span style=\"color: #ff6600;\">Nata\u0161a Mili\u0107evi\u0107 Dobromirov<\/span><br \/>\n<span style=\"color: #ff6600;\">Biljana Novkovi\u0107 Ad\u017eaip<br \/>\n<\/span><\/span><span style=\"color: #ff6600;\"><span style=\"font-weight: 400;\">Milica Kri\u010dkovi\u0107<br \/>\n<\/span><span style=\"font-weight: 400;\">Sanja Seka\u010d<\/span><span style=\"font-weight: 400;\">\u00a0<\/span><\/span><\/p>\n<h6><i><span style=\"font-weight: 400;\">Azbukum Center, 2022\/ ISBN 978-86-900624-2-3<br \/>\n<strong>208 pages<\/strong>, full color, Cyrillic and Latin<br \/>\nLevels <strong>A2<\/strong>, <strong>B1<\/strong><br \/>\n<\/span><\/i><\/h6>\n<p><span style=\"font-weight: 400;\">The new 4th edition of the Let\u2019s Study Serbian 2 textbook is intended for those who already possess an elementary knowledge of the language and wish to put it into practice. It is exceptionally stimulating for increasing spoken fluency and expanding vocabulary. The lessons are based on everyday themes with inspiring and practical exercises, audio recordings, review tests, and a workbook. A grammatical overview is included in order to more easily orient oneself to the Serbian grammatical system.<\/span><\/p>\n<p><span style=\"font-weight: 400;\">The teacher\u2019s manual follows the textbook, and is of great help to all who teach using this educational material.<br \/>\n<\/span><span style=\"font-weight: 400;\">In addition, there are exceptionally useful online interactive AOS exercises that go along with every lesson in the book.<br \/>\n<\/span><span style=\"font-weight: 400;\">In total, the material contained here can cover over 100 lesson-hours.<\/span><\/p>\n","protected":false},"featured_media":20912,"template":"","meta":[],"product_brand":[],"product_cat":[113,125,127],"product_tag":[273],"class_list":{"0":"post-23507","1":"product","2":"type-product","3":"status-publish","4":"has-post-thumbnail","6":"product_cat-adults","7":"product_cat-a2-level-adults-en","8":"product_cat-b1-level-adults-en","9":"product_tag-book","11":"first","12":"instock","13":"taxable","14":"shipping-taxable","15":"purchasable","16":"product-type-simple"},"yoast_head":"<!-- This site is optimized with the Yoast SEO plugin v24.9 - https:\/\/yoast.com\/wordpress\/plugins\/seo\/ -->\n<title>U\u010dimo srpski 2 Textbook - Azbukum<\/title>\n<meta name=\"description\" content=\"Learning Serbian for those who already possess an elementary knowledge of the language (A2 and B1) and wish to put it into practice.\u00a0\" \/>\n<meta name=\"robots\" content=\"index, follow, max-snippet:-1, max-image-preview:large, max-video-preview:-1\" \/>\n<link rel=\"canonical\" href=\"https:\/\/azbukum.edu.rs\/en\/product\/ucimo-srpski-2-textbook\/\" \/>\n<meta property=\"og:locale\" content=\"en_US\" \/>\n<meta property=\"og:type\" content=\"article\" \/>\n<meta property=\"og:title\" content=\"U\u010dimo srpski 2 Textbook - Azbukum\" \/>\n<meta property=\"og:description\" content=\"Learning Serbian for those who already possess an elementary knowledge of the language (A2 and B1) and wish to put it into practice.\u00a0\" \/>\n<meta property=\"og:url\" content=\"https:\/\/azbukum.edu.rs\/en\/product\/ucimo-srpski-2-textbook\/\" \/>\n<meta property=\"og:site_name\" content=\"Azbukum\" \/>\n<meta property=\"article:publisher\" content=\"https:\/\/www.facebook.com\/Azbukum\" \/>\n<meta property=\"article:modified_time\" content=\"2025-11-19T21:26:16+00:00\" \/>\n<meta property=\"og:image\" content=\"https:\/\/azbukum.edu.rs\/media\/Azb_knjige_0005_sajt_korice-knjiga-US2.jpg\" \/>\n\t<meta property=\"og:image:width\" content=\"1200\" \/>\n\t<meta property=\"og:image:height\" content=\"1200\" \/>\n\t<meta property=\"og:image:type\" content=\"image\/jpeg\" \/>\n<meta name=\"twitter:card\" content=\"summary_large_image\" \/>\n<meta name=\"twitter:label1\" content=\"Est. reading time\" \/>\n\t<meta name=\"twitter:data1\" content=\"1 minute\" \/>\n<script type=\"application\/ld+json\" class=\"yoast-schema-graph\">{\"@context\":\"https:\/\/schema.org\",\"@graph\":[{\"@type\":\"WebPage\",\"@id\":\"https:\/\/azbukum.edu.rs\/en\/product\/ucimo-srpski-2-textbook\/\",\"url\":\"https:\/\/azbukum.edu.rs\/en\/product\/ucimo-srpski-2-textbook\/\",\"name\":\"U\u010dimo srpski 2 Textbook - Azbukum\",\"isPartOf\":{\"@id\":\"https:\/\/azbukum.edu.rs\/en\/#website\"},\"primaryImageOfPage\":{\"@id\":\"https:\/\/azbukum.edu.rs\/en\/product\/ucimo-srpski-2-textbook\/#primaryimage\"},\"image\":{\"@id\":\"https:\/\/azbukum.edu.rs\/en\/product\/ucimo-srpski-2-textbook\/#primaryimage\"},\"thumbnailUrl\":\"https:\/\/azbukum.edu.rs\/media\/Azb_knjige_0005_sajt_korice-knjiga-US2.jpg\",\"datePublished\":\"2025-04-27T05:59:02+00:00\",\"dateModified\":\"2025-11-19T21:26:16+00:00\",\"description\":\"Learning Serbian for those who already possess an elementary knowledge of the language (A2 and B1) and wish to put it into practice.\u00a0\",\"breadcrumb\":{\"@id\":\"https:\/\/azbukum.edu.rs\/en\/product\/ucimo-srpski-2-textbook\/#breadcrumb\"},\"inLanguage\":\"en-US\",\"potentialAction\":[{\"@type\":\"ReadAction\",\"target\":[\"https:\/\/azbukum.edu.rs\/en\/product\/ucimo-srpski-2-textbook\/\"]}]},{\"@type\":\"ImageObject\",\"inLanguage\":\"en-US\",\"@id\":\"https:\/\/azbukum.edu.rs\/en\/product\/ucimo-srpski-2-textbook\/#primaryimage\",\"url\":\"https:\/\/azbukum.edu.rs\/media\/Azb_knjige_0005_sajt_korice-knjiga-US2.jpg\",\"contentUrl\":\"https:\/\/azbukum.edu.rs\/media\/Azb_knjige_0005_sajt_korice-knjiga-US2.jpg\",\"width\":1200,\"height\":1200},{\"@type\":\"BreadcrumbList\",\"@id\":\"https:\/\/azbukum.edu.rs\/en\/product\/ucimo-srpski-2-textbook\/#breadcrumb\",\"itemListElement\":[{\"@type\":\"ListItem\",\"position\":1,\"name\":\"\u041f\u043e\u0447\u0435\u0442\u043d\u0430\",\"item\":\"https:\/\/azbukum.edu.rs\/en\/\"},{\"@type\":\"ListItem\",\"position\":2,\"name\":\"Shop\",\"item\":\"https:\/\/azbukum.edu.rs\/en\/shop\/\"},{\"@type\":\"ListItem\",\"position\":3,\"name\":\"U\u010dimo srpski 2 Textbook\"}]},{\"@type\":\"WebSite\",\"@id\":\"https:\/\/azbukum.edu.rs\/en\/#website\",\"url\":\"https:\/\/azbukum.edu.rs\/en\/\",\"name\":\"Azbukum\",\"description\":\"Centar za srpski jezik i kulturu\",\"publisher\":{\"@id\":\"https:\/\/azbukum.edu.rs\/en\/#organization\"},\"potentialAction\":[{\"@type\":\"SearchAction\",\"target\":{\"@type\":\"EntryPoint\",\"urlTemplate\":\"https:\/\/azbukum.edu.rs\/en\/?s={search_term_string}\"},\"query-input\":{\"@type\":\"PropertyValueSpecification\",\"valueRequired\":true,\"valueName\":\"search_term_string\"}}],\"inLanguage\":\"en-US\"},{\"@type\":\"Organization\",\"@id\":\"https:\/\/azbukum.edu.rs\/en\/#organization\",\"name\":\"Azbukum\",\"url\":\"https:\/\/azbukum.edu.rs\/en\/\",\"logo\":{\"@type\":\"ImageObject\",\"inLanguage\":\"en-US\",\"@id\":\"https:\/\/azbukum.edu.rs\/en\/#\/schema\/logo\/image\/\",\"url\":\"https:\/\/azbukum.edu.rs\/media\/azbukum-logo-1.svg\",\"contentUrl\":\"https:\/\/azbukum.edu.rs\/media\/azbukum-logo-1.svg\",\"width\":70,\"height\":49,\"caption\":\"Azbukum\"},\"image\":{\"@id\":\"https:\/\/azbukum.edu.rs\/en\/#\/schema\/logo\/image\/\"},\"sameAs\":[\"https:\/\/www.facebook.com\/Azbukum\",\"https:\/\/www.instagram.com\/azbukum\/\"]}]}<\/script>\n<!-- \/ Yoast SEO plugin. -->","yoast_head_json":{"title":"U\u010dimo srpski 2 Textbook - Azbukum","description":"Learning Serbian for those who already possess an elementary knowledge of the language (A2 and B1) and wish to put it into practice.\u00a0","robots":{"index":"index","follow":"follow","max-snippet":"max-snippet:-1","max-image-preview":"max-image-preview:large","max-video-preview":"max-video-preview:-1"},"canonical":"https:\/\/azbukum.edu.rs\/en\/product\/ucimo-srpski-2-textbook\/","og_locale":"en_US","og_type":"article","og_title":"U\u010dimo srpski 2 Textbook - Azbukum","og_description":"Learning Serbian for those who already possess an elementary knowledge of the language (A2 and B1) and wish to put it into practice.\u00a0","og_url":"https:\/\/azbukum.edu.rs\/en\/product\/ucimo-srpski-2-textbook\/","og_site_name":"Azbukum","article_publisher":"https:\/\/www.facebook.com\/Azbukum","article_modified_time":"2025-11-19T21:26:16+00:00","og_image":[{"width":1200,"height":1200,"url":"https:\/\/azbukum.edu.rs\/media\/Azb_knjige_0005_sajt_korice-knjiga-US2.jpg","type":"image\/jpeg"}],"twitter_card":"summary_large_image","twitter_misc":{"Est. reading time":"1 minute"},"schema":{"@context":"https:\/\/schema.org","@graph":[{"@type":"WebPage","@id":"https:\/\/azbukum.edu.rs\/en\/product\/ucimo-srpski-2-textbook\/","url":"https:\/\/azbukum.edu.rs\/en\/product\/ucimo-srpski-2-textbook\/","name":"U\u010dimo srpski 2 Textbook - Azbukum","isPartOf":{"@id":"https:\/\/azbukum.edu.rs\/en\/#website"},"primaryImageOfPage":{"@id":"https:\/\/azbukum.edu.rs\/en\/product\/ucimo-srpski-2-textbook\/#primaryimage"},"image":{"@id":"https:\/\/azbukum.edu.rs\/en\/product\/ucimo-srpski-2-textbook\/#primaryimage"},"thumbnailUrl":"https:\/\/azbukum.edu.rs\/media\/Azb_knjige_0005_sajt_korice-knjiga-US2.jpg","datePublished":"2025-04-27T05:59:02+00:00","dateModified":"2025-11-19T21:26:16+00:00","description":"Learning Serbian for those who already possess an elementary knowledge of the language (A2 and B1) and wish to put it into practice.\u00a0","breadcrumb":{"@id":"https:\/\/azbukum.edu.rs\/en\/product\/ucimo-srpski-2-textbook\/#breadcrumb"},"inLanguage":"en-US","potentialAction":[{"@type":"ReadAction","target":["https:\/\/azbukum.edu.rs\/en\/product\/ucimo-srpski-2-textbook\/"]}]},{"@type":"ImageObject","inLanguage":"en-US","@id":"https:\/\/azbukum.edu.rs\/en\/product\/ucimo-srpski-2-textbook\/#primaryimage","url":"https:\/\/azbukum.edu.rs\/media\/Azb_knjige_0005_sajt_korice-knjiga-US2.jpg","contentUrl":"https:\/\/azbukum.edu.rs\/media\/Azb_knjige_0005_sajt_korice-knjiga-US2.jpg","width":1200,"height":1200},{"@type":"BreadcrumbList","@id":"https:\/\/azbukum.edu.rs\/en\/product\/ucimo-srpski-2-textbook\/#breadcrumb","itemListElement":[{"@type":"ListItem","position":1,"name":"Po\u010detna","item":"https:\/\/azbukum.edu.rs\/en\/"},{"@type":"ListItem","position":2,"name":"Shop","item":"https:\/\/azbukum.edu.rs\/en\/shop\/"},{"@type":"ListItem","position":3,"name":"U\u010dimo srpski 2 Textbook"}]},{"@type":"WebSite","@id":"https:\/\/azbukum.edu.rs\/en\/#website","url":"https:\/\/azbukum.edu.rs\/en\/","name":"Azbukum","description":"Centar za srpski jezik i kulturu","publisher":{"@id":"https:\/\/azbukum.edu.rs\/en\/#organization"},"potentialAction":[{"@type":"SearchAction","target":{"@type":"EntryPoint","urlTemplate":"https:\/\/azbukum.edu.rs\/en\/?s={search_term_string}"},"query-input":{"@type":"PropertyValueSpecification","valueRequired":true,"valueName":"search_term_string"}}],"inLanguage":"en-US"},{"@type":"Organization","@id":"https:\/\/azbukum.edu.rs\/en\/#organization","name":"Azbukum","url":"https:\/\/azbukum.edu.rs\/en\/","logo":{"@type":"ImageObject","inLanguage":"en-US","@id":"https:\/\/azbukum.edu.rs\/en\/#\/schema\/logo\/image\/","url":"https:\/\/azbukum.edu.rs\/media\/azbukum-logo-1.svg","contentUrl":"https:\/\/azbukum.edu.rs\/media\/azbukum-logo-1.svg","width":70,"height":49,"caption":"Azbukum"},"image":{"@id":"https:\/\/azbukum.edu.rs\/en\/#\/schema\/logo\/image\/"},"sameAs":["https:\/\/www.facebook.com\/Azbukum","https:\/\/www.instagram.com\/azbukum\/"]}]}},"_links":{"self":[{"href":"https:\/\/azbukum.edu.rs\/en\/wp-json\/wp\/v2\/product\/23507","targetHints":{"allow":["GET"]}}],"collection":[{"href":"https:\/\/azbukum.edu.rs\/en\/wp-json\/wp\/v2\/product"}],"about":[{"href":"https:\/\/azbukum.edu.rs\/en\/wp-json\/wp\/v2\/types\/product"}],"wp:featuredmedia":[{"embeddable":true,"href":"https:\/\/azbukum.edu.rs\/en\/wp-json\/wp\/v2\/media\/20912"}],"wp:attachment":[{"href":"https:\/\/azbukum.edu.rs\/en\/wp-json\/wp\/v2\/media?parent=23507"}],"wp:term":[{"taxonomy":"product_brand","embeddable":true,"href":"https:\/\/azbukum.edu.rs\/en\/wp-json\/wp\/v2\/product_brand?post=23507"},{"taxonomy":"product_cat","embeddable":true,"href":"https:\/\/azbukum.edu.rs\/en\/wp-json\/wp\/v2\/product_cat?post=23507"},{"taxonomy":"product_tag","embeddable":true,"href":"https:\/\/azbukum.edu.rs\/en\/wp-json\/wp\/v2\/product_tag?post=23507"}],"curies":[{"name":"wp","href":"https:\/\/api.w.org\/{rel}","templated":true}]}}