{"id":11941,"date":"2025-12-25T15:57:35","date_gmt":"2025-12-25T14:57:35","guid":{"rendered":"https:\/\/azbukum4.connections.rs\/?post_type=product&#038;p=11941"},"modified":"2026-04-03T15:06:54","modified_gmt":"2026-04-03T13:06:54","slug":"az-buki-srpski-plus-textbook","status":"publish","type":"product","link":"https:\/\/azbukum.edu.rs\/en\/product\/az-buki-srpski-plus-textbook\/","title":{"rendered":"Az buki srpski Plus Textbook"},"content":{"rendered":"","protected":false},"excerpt":{"rendered":"<p id=\"tw-target-text\" class=\"tw-data-text tw-text-large tw-ta\" dir=\"ltr\" data-placeholder=\"Prevod\" aria-label=\"Prevedeni tekst\" data-ved=\"2ahUKEwjNse6zoZeHAxVEg_0HHbsYBS0Q3ewLegQIBRAU\"><strong><span class=\"Y2IQFc\" lang=\"en\">For young people aged 12 to 16 who are just starting to learn the Serbian language<\/span><\/strong><\/p>\n<p><span style=\"font-weight: 400;\">Authors:<br \/>\n<\/span><span style=\"color: #ff6600;\"><span style=\"font-weight: 400;\">Nata\u0161a Mili\u0107evi\u0107 Dobromirov<br \/>\n<\/span><span style=\"font-weight: 400;\">Biljana Novkovi\u0107 Ad\u017eaip<\/span><\/span><\/p>\n<h6><i><span style=\"font-weight: 400;\">Azbukum Center, 2017 ISBN\u00a0978-86-908295-9-0<\/span><\/i><i><br \/>\n<\/i><span style=\"font-weight: 400;\"><strong>144 <\/strong><\/span><i><span style=\"font-weight: 400;\">pages, full color, Cyrillic and Latin<br \/>\n<\/span><\/i><i><span style=\"font-weight: 400;\">Level <strong>A1<\/strong><\/span><\/i><\/h6>\n<p><span style=\"font-weight: 400;\">Az Buki Srpski + is intended for young people aged 12 to 16 who have just begun to study Serbian. Richly illustrated in full color, this is a carefully thought-out textbook containing lessons, games, audio recordings, tests, a workbook, and a glossary with translations in English, German, Russian, French, and Hungarian.<\/span><\/p>\n","protected":false},"featured_media":20891,"template":"","meta":[],"product_brand":[],"product_cat":[111,60],"product_tag":[],"class_list":{"0":"post-11941","1":"product","2":"type-product","3":"status-publish","4":"has-post-thumbnail","6":"product_cat-children-and-young-adults","7":"product_cat-level-a1","9":"first","10":"instock","11":"taxable","12":"shipping-taxable","13":"purchasable","14":"product-type-simple"},"yoast_head":"<!-- This site is optimized with the Yoast SEO plugin v24.9 - https:\/\/yoast.com\/wordpress\/plugins\/seo\/ -->\n<title>Az buki srpski Plus Textbook - Azbukum<\/title>\n<meta name=\"description\" content=\"For young people aged 12 to 16 who are just starting to learn the Serbian language.\" \/>\n<meta name=\"robots\" content=\"index, follow, max-snippet:-1, max-image-preview:large, max-video-preview:-1\" \/>\n<link rel=\"canonical\" href=\"https:\/\/azbukum.edu.rs\/en\/product\/az-buki-srpski-plus-textbook\/\" \/>\n<meta property=\"og:locale\" content=\"en_US\" \/>\n<meta property=\"og:type\" content=\"article\" \/>\n<meta property=\"og:title\" content=\"Az buki srpski Plus Textbook - Azbukum\" \/>\n<meta property=\"og:description\" content=\"For young people aged 12 to 16 who are just starting to learn the Serbian language.\" \/>\n<meta property=\"og:url\" content=\"https:\/\/azbukum.edu.rs\/en\/product\/az-buki-srpski-plus-textbook\/\" \/>\n<meta property=\"og:site_name\" content=\"Azbukum\" \/>\n<meta property=\"article:publisher\" content=\"https:\/\/www.facebook.com\/Azbukum\" \/>\n<meta property=\"article:modified_time\" content=\"2026-04-03T13:06:54+00:00\" \/>\n<meta property=\"og:image\" content=\"https:\/\/azbukum.edu.rs\/media\/Azb_knjige_0000_sajt_korice-knjiga-ABS.jpg\" \/>\n\t<meta property=\"og:image:width\" content=\"1200\" \/>\n\t<meta property=\"og:image:height\" content=\"1200\" \/>\n\t<meta property=\"og:image:type\" content=\"image\/jpeg\" \/>\n<meta name=\"twitter:card\" content=\"summary_large_image\" \/>\n<meta name=\"twitter:label1\" content=\"Est. reading time\" \/>\n\t<meta name=\"twitter:data1\" content=\"1 minute\" \/>\n<script type=\"application\/ld+json\" class=\"yoast-schema-graph\">{\"@context\":\"https:\/\/schema.org\",\"@graph\":[{\"@type\":\"WebPage\",\"@id\":\"https:\/\/azbukum.edu.rs\/en\/product\/az-buki-srpski-plus-textbook\/\",\"url\":\"https:\/\/azbukum.edu.rs\/en\/product\/az-buki-srpski-plus-textbook\/\",\"name\":\"Az buki srpski Plus Textbook - Azbukum\",\"isPartOf\":{\"@id\":\"https:\/\/azbukum.edu.rs\/en\/#website\"},\"primaryImageOfPage\":{\"@id\":\"https:\/\/azbukum.edu.rs\/en\/product\/az-buki-srpski-plus-textbook\/#primaryimage\"},\"image\":{\"@id\":\"https:\/\/azbukum.edu.rs\/en\/product\/az-buki-srpski-plus-textbook\/#primaryimage\"},\"thumbnailUrl\":\"https:\/\/azbukum.edu.rs\/media\/Azb_knjige_0000_sajt_korice-knjiga-ABS.jpg\",\"datePublished\":\"2025-12-25T14:57:35+00:00\",\"dateModified\":\"2026-04-03T13:06:54+00:00\",\"description\":\"For young people aged 12 to 16 who are just starting to learn the Serbian language.\",\"breadcrumb\":{\"@id\":\"https:\/\/azbukum.edu.rs\/en\/product\/az-buki-srpski-plus-textbook\/#breadcrumb\"},\"inLanguage\":\"en-US\",\"potentialAction\":[{\"@type\":\"ReadAction\",\"target\":[\"https:\/\/azbukum.edu.rs\/en\/product\/az-buki-srpski-plus-textbook\/\"]}]},{\"@type\":\"ImageObject\",\"inLanguage\":\"en-US\",\"@id\":\"https:\/\/azbukum.edu.rs\/en\/product\/az-buki-srpski-plus-textbook\/#primaryimage\",\"url\":\"https:\/\/azbukum.edu.rs\/media\/Azb_knjige_0000_sajt_korice-knjiga-ABS.jpg\",\"contentUrl\":\"https:\/\/azbukum.edu.rs\/media\/Azb_knjige_0000_sajt_korice-knjiga-ABS.jpg\",\"width\":1200,\"height\":1200},{\"@type\":\"BreadcrumbList\",\"@id\":\"https:\/\/azbukum.edu.rs\/en\/product\/az-buki-srpski-plus-textbook\/#breadcrumb\",\"itemListElement\":[{\"@type\":\"ListItem\",\"position\":1,\"name\":\"\u041f\u043e\u0447\u0435\u0442\u043d\u0430\",\"item\":\"https:\/\/azbukum.edu.rs\/en\/\"},{\"@type\":\"ListItem\",\"position\":2,\"name\":\"Shop\",\"item\":\"https:\/\/azbukum.edu.rs\/en\/shop\/\"},{\"@type\":\"ListItem\",\"position\":3,\"name\":\"Az buki srpski Plus Textbook\"}]},{\"@type\":\"WebSite\",\"@id\":\"https:\/\/azbukum.edu.rs\/en\/#website\",\"url\":\"https:\/\/azbukum.edu.rs\/en\/\",\"name\":\"Azbukum\",\"description\":\"Centar za srpski jezik i kulturu\",\"publisher\":{\"@id\":\"https:\/\/azbukum.edu.rs\/en\/#organization\"},\"potentialAction\":[{\"@type\":\"SearchAction\",\"target\":{\"@type\":\"EntryPoint\",\"urlTemplate\":\"https:\/\/azbukum.edu.rs\/en\/?s={search_term_string}\"},\"query-input\":{\"@type\":\"PropertyValueSpecification\",\"valueRequired\":true,\"valueName\":\"search_term_string\"}}],\"inLanguage\":\"en-US\"},{\"@type\":\"Organization\",\"@id\":\"https:\/\/azbukum.edu.rs\/en\/#organization\",\"name\":\"Azbukum\",\"url\":\"https:\/\/azbukum.edu.rs\/en\/\",\"logo\":{\"@type\":\"ImageObject\",\"inLanguage\":\"en-US\",\"@id\":\"https:\/\/azbukum.edu.rs\/en\/#\/schema\/logo\/image\/\",\"url\":\"https:\/\/azbukum.edu.rs\/media\/azbukum-logo-1.svg\",\"contentUrl\":\"https:\/\/azbukum.edu.rs\/media\/azbukum-logo-1.svg\",\"width\":70,\"height\":49,\"caption\":\"Azbukum\"},\"image\":{\"@id\":\"https:\/\/azbukum.edu.rs\/en\/#\/schema\/logo\/image\/\"},\"sameAs\":[\"https:\/\/www.facebook.com\/Azbukum\",\"https:\/\/www.instagram.com\/azbukum\/\"]}]}<\/script>\n<!-- \/ Yoast SEO plugin. -->","yoast_head_json":{"title":"Az buki srpski Plus Textbook - Azbukum","description":"For young people aged 12 to 16 who are just starting to learn the Serbian language.","robots":{"index":"index","follow":"follow","max-snippet":"max-snippet:-1","max-image-preview":"max-image-preview:large","max-video-preview":"max-video-preview:-1"},"canonical":"https:\/\/azbukum.edu.rs\/en\/product\/az-buki-srpski-plus-textbook\/","og_locale":"en_US","og_type":"article","og_title":"Az buki srpski Plus Textbook - Azbukum","og_description":"For young people aged 12 to 16 who are just starting to learn the Serbian language.","og_url":"https:\/\/azbukum.edu.rs\/en\/product\/az-buki-srpski-plus-textbook\/","og_site_name":"Azbukum","article_publisher":"https:\/\/www.facebook.com\/Azbukum","article_modified_time":"2026-04-03T13:06:54+00:00","og_image":[{"width":1200,"height":1200,"url":"https:\/\/azbukum.edu.rs\/media\/Azb_knjige_0000_sajt_korice-knjiga-ABS.jpg","type":"image\/jpeg"}],"twitter_card":"summary_large_image","twitter_misc":{"Est. reading time":"1 minute"},"schema":{"@context":"https:\/\/schema.org","@graph":[{"@type":"WebPage","@id":"https:\/\/azbukum.edu.rs\/en\/product\/az-buki-srpski-plus-textbook\/","url":"https:\/\/azbukum.edu.rs\/en\/product\/az-buki-srpski-plus-textbook\/","name":"Az buki srpski Plus Textbook - Azbukum","isPartOf":{"@id":"https:\/\/azbukum.edu.rs\/en\/#website"},"primaryImageOfPage":{"@id":"https:\/\/azbukum.edu.rs\/en\/product\/az-buki-srpski-plus-textbook\/#primaryimage"},"image":{"@id":"https:\/\/azbukum.edu.rs\/en\/product\/az-buki-srpski-plus-textbook\/#primaryimage"},"thumbnailUrl":"https:\/\/azbukum.edu.rs\/media\/Azb_knjige_0000_sajt_korice-knjiga-ABS.jpg","datePublished":"2025-12-25T14:57:35+00:00","dateModified":"2026-04-03T13:06:54+00:00","description":"For young people aged 12 to 16 who are just starting to learn the Serbian language.","breadcrumb":{"@id":"https:\/\/azbukum.edu.rs\/en\/product\/az-buki-srpski-plus-textbook\/#breadcrumb"},"inLanguage":"en-US","potentialAction":[{"@type":"ReadAction","target":["https:\/\/azbukum.edu.rs\/en\/product\/az-buki-srpski-plus-textbook\/"]}]},{"@type":"ImageObject","inLanguage":"en-US","@id":"https:\/\/azbukum.edu.rs\/en\/product\/az-buki-srpski-plus-textbook\/#primaryimage","url":"https:\/\/azbukum.edu.rs\/media\/Azb_knjige_0000_sajt_korice-knjiga-ABS.jpg","contentUrl":"https:\/\/azbukum.edu.rs\/media\/Azb_knjige_0000_sajt_korice-knjiga-ABS.jpg","width":1200,"height":1200},{"@type":"BreadcrumbList","@id":"https:\/\/azbukum.edu.rs\/en\/product\/az-buki-srpski-plus-textbook\/#breadcrumb","itemListElement":[{"@type":"ListItem","position":1,"name":"Po\u010detna","item":"https:\/\/azbukum.edu.rs\/en\/"},{"@type":"ListItem","position":2,"name":"Shop","item":"https:\/\/azbukum.edu.rs\/en\/shop\/"},{"@type":"ListItem","position":3,"name":"Az buki srpski Plus Textbook"}]},{"@type":"WebSite","@id":"https:\/\/azbukum.edu.rs\/en\/#website","url":"https:\/\/azbukum.edu.rs\/en\/","name":"Azbukum","description":"Centar za srpski jezik i kulturu","publisher":{"@id":"https:\/\/azbukum.edu.rs\/en\/#organization"},"potentialAction":[{"@type":"SearchAction","target":{"@type":"EntryPoint","urlTemplate":"https:\/\/azbukum.edu.rs\/en\/?s={search_term_string}"},"query-input":{"@type":"PropertyValueSpecification","valueRequired":true,"valueName":"search_term_string"}}],"inLanguage":"en-US"},{"@type":"Organization","@id":"https:\/\/azbukum.edu.rs\/en\/#organization","name":"Azbukum","url":"https:\/\/azbukum.edu.rs\/en\/","logo":{"@type":"ImageObject","inLanguage":"en-US","@id":"https:\/\/azbukum.edu.rs\/en\/#\/schema\/logo\/image\/","url":"https:\/\/azbukum.edu.rs\/media\/azbukum-logo-1.svg","contentUrl":"https:\/\/azbukum.edu.rs\/media\/azbukum-logo-1.svg","width":70,"height":49,"caption":"Azbukum"},"image":{"@id":"https:\/\/azbukum.edu.rs\/en\/#\/schema\/logo\/image\/"},"sameAs":["https:\/\/www.facebook.com\/Azbukum","https:\/\/www.instagram.com\/azbukum\/"]}]}},"_links":{"self":[{"href":"https:\/\/azbukum.edu.rs\/en\/wp-json\/wp\/v2\/product\/11941","targetHints":{"allow":["GET"]}}],"collection":[{"href":"https:\/\/azbukum.edu.rs\/en\/wp-json\/wp\/v2\/product"}],"about":[{"href":"https:\/\/azbukum.edu.rs\/en\/wp-json\/wp\/v2\/types\/product"}],"wp:featuredmedia":[{"embeddable":true,"href":"https:\/\/azbukum.edu.rs\/en\/wp-json\/wp\/v2\/media\/20891"}],"wp:attachment":[{"href":"https:\/\/azbukum.edu.rs\/en\/wp-json\/wp\/v2\/media?parent=11941"}],"wp:term":[{"taxonomy":"product_brand","embeddable":true,"href":"https:\/\/azbukum.edu.rs\/en\/wp-json\/wp\/v2\/product_brand?post=11941"},{"taxonomy":"product_cat","embeddable":true,"href":"https:\/\/azbukum.edu.rs\/en\/wp-json\/wp\/v2\/product_cat?post=11941"},{"taxonomy":"product_tag","embeddable":true,"href":"https:\/\/azbukum.edu.rs\/en\/wp-json\/wp\/v2\/product_tag?post=11941"}],"curies":[{"name":"wp","href":"https:\/\/api.w.org\/{rel}","templated":true}]}}