{"id":11742,"date":"2025-12-06T17:31:22","date_gmt":"2024-06-05T15:31:22","guid":{"rendered":"https:\/\/azbukum4.connections.rs\/?post_type=product&#038;p=11742"},"modified":"2026-02-10T17:21:15","modified_gmt":"2026-02-10T16:21:15","slug":"ucimo-srpski-1-textbook","status":"publish","type":"product","link":"https:\/\/azbukum.edu.rs\/en\/product\/ucimo-srpski-1-textbook\/","title":{"rendered":"U\u010dimo srpski 1 Textbook"},"content":{"rendered":"","protected":false},"excerpt":{"rendered":"<p><strong><b>The most popular textbook for beginning levels of Serbian Study (A1 and A2) in printed and electronic edition.<\/b><\/strong><\/p>\n<h5><span style=\"font-weight: 400;\">Authors:<br \/>\n<span style=\"color: #ff8300;\">Nata\u0161a Mili\u0107evi\u0107 Dobromirov<\/span><br \/>\n<span style=\"color: #ff8300;\">Biljana Novkovi\u0107 Ad\u017eaip<\/span><\/span><\/h5>\n<h6><i><span style=\"font-weight: 400;\">Azbukum Center, 2026, 8th edition<br \/>\nISBN 978-86-908295-7-6<br \/>\n256 pages, full color, Cyrillic and Latin<br \/>\n<\/span><\/i><\/h6>\n<p><span style=\"font-weight: 400;\">Based on contemporary methods of communicative language study, and customized for absolute beginners. The textbook consists of 12 lessons and a workbook that follows every single lesson. Interesting themes and everyday situations offer the inspiration for speaking Serbian. It contains many reading and writing exercises, as well as recorded exercises for audio comprehension, grammatical examples with clear and well-organized explanations, and check-up tests to follow your progress. A dictionary of all the words given in the lessons with translations into 12 languages is included.<\/span><\/p>\n<p><span style=\"font-weight: 400;\">The additional AOS video lesson segments and online interactive exercises are of particular interest, bringing even more value to this material.<\/span><span style=\"font-weight: 400;\"> \u00a0<\/span><span style=\"font-weight: 400;\">In total, the material covers more that 100 hours of instruction.<\/span><\/p>\n","protected":false},"featured_media":11990,"template":"","meta":[],"product_brand":[],"product_cat":[113,124,125],"product_tag":[273],"class_list":{"0":"post-11742","1":"product","2":"type-product","3":"status-publish","4":"has-post-thumbnail","6":"product_cat-adults","7":"product_cat-a1-level-adults-en","8":"product_cat-a2-level-adults-en","9":"product_tag-book","11":"first","12":"instock","13":"taxable","14":"shipping-taxable","15":"purchasable","16":"product-type-simple"},"yoast_head":"<!-- This site is optimized with the Yoast SEO plugin v24.9 - https:\/\/yoast.com\/wordpress\/plugins\/seo\/ -->\n<title>U\u010dimo srpski 1 Textbook - Azbukum<\/title>\n<meta name=\"description\" content=\"The most popular textbook for beginning levels of Serbian Study (A1 and A2). Based on contemporary methods and customized for absolute beginners.\" \/>\n<meta name=\"robots\" content=\"index, follow, max-snippet:-1, max-image-preview:large, max-video-preview:-1\" \/>\n<link rel=\"canonical\" href=\"https:\/\/azbukum.edu.rs\/en\/product\/ucimo-srpski-1-textbook\/\" \/>\n<meta property=\"og:locale\" content=\"en_US\" \/>\n<meta property=\"og:type\" content=\"article\" \/>\n<meta property=\"og:title\" content=\"U\u010dimo srpski 1 Textbook - Azbukum\" \/>\n<meta property=\"og:description\" content=\"The most popular textbook for beginning levels of Serbian Study (A1 and A2). Based on contemporary methods and customized for absolute beginners.\" \/>\n<meta property=\"og:url\" content=\"https:\/\/azbukum.edu.rs\/en\/product\/ucimo-srpski-1-textbook\/\" \/>\n<meta property=\"og:site_name\" content=\"Azbukum\" \/>\n<meta property=\"article:publisher\" content=\"https:\/\/www.facebook.com\/Azbukum\" \/>\n<meta property=\"article:modified_time\" content=\"2026-02-10T16:21:15+00:00\" \/>\n<meta property=\"og:image\" content=\"https:\/\/azbukum.edu.rs\/media\/Azbukum-US1-naslovna.jpg\" \/>\n\t<meta property=\"og:image:width\" content=\"1200\" \/>\n\t<meta property=\"og:image:height\" content=\"1200\" \/>\n\t<meta property=\"og:image:type\" content=\"image\/jpeg\" \/>\n<meta name=\"twitter:card\" content=\"summary_large_image\" \/>\n<meta name=\"twitter:label1\" content=\"Est. reading time\" \/>\n\t<meta name=\"twitter:data1\" content=\"1 minute\" \/>\n<script type=\"application\/ld+json\" class=\"yoast-schema-graph\">{\"@context\":\"https:\/\/schema.org\",\"@graph\":[{\"@type\":\"WebPage\",\"@id\":\"https:\/\/azbukum.edu.rs\/en\/product\/ucimo-srpski-1-textbook\/\",\"url\":\"https:\/\/azbukum.edu.rs\/en\/product\/ucimo-srpski-1-textbook\/\",\"name\":\"U\u010dimo srpski 1 Textbook - Azbukum\",\"isPartOf\":{\"@id\":\"https:\/\/azbukum.edu.rs\/en\/#website\"},\"primaryImageOfPage\":{\"@id\":\"https:\/\/azbukum.edu.rs\/en\/product\/ucimo-srpski-1-textbook\/#primaryimage\"},\"image\":{\"@id\":\"https:\/\/azbukum.edu.rs\/en\/product\/ucimo-srpski-1-textbook\/#primaryimage\"},\"thumbnailUrl\":\"https:\/\/azbukum.edu.rs\/media\/Azbukum-US1-naslovna.jpg\",\"datePublished\":\"2024-06-05T15:31:22+00:00\",\"dateModified\":\"2026-02-10T16:21:15+00:00\",\"description\":\"The most popular textbook for beginning levels of Serbian Study (A1 and A2). Based on contemporary methods and customized for absolute beginners.\",\"breadcrumb\":{\"@id\":\"https:\/\/azbukum.edu.rs\/en\/product\/ucimo-srpski-1-textbook\/#breadcrumb\"},\"inLanguage\":\"en-US\",\"potentialAction\":[{\"@type\":\"ReadAction\",\"target\":[\"https:\/\/azbukum.edu.rs\/en\/product\/ucimo-srpski-1-textbook\/\"]}]},{\"@type\":\"ImageObject\",\"inLanguage\":\"en-US\",\"@id\":\"https:\/\/azbukum.edu.rs\/en\/product\/ucimo-srpski-1-textbook\/#primaryimage\",\"url\":\"https:\/\/azbukum.edu.rs\/media\/Azbukum-US1-naslovna.jpg\",\"contentUrl\":\"https:\/\/azbukum.edu.rs\/media\/Azbukum-US1-naslovna.jpg\",\"width\":1200,\"height\":1200},{\"@type\":\"BreadcrumbList\",\"@id\":\"https:\/\/azbukum.edu.rs\/en\/product\/ucimo-srpski-1-textbook\/#breadcrumb\",\"itemListElement\":[{\"@type\":\"ListItem\",\"position\":1,\"name\":\"\u041f\u043e\u0447\u0435\u0442\u043d\u0430\",\"item\":\"https:\/\/azbukum.edu.rs\/en\/\"},{\"@type\":\"ListItem\",\"position\":2,\"name\":\"Shop\",\"item\":\"https:\/\/azbukum.edu.rs\/en\/shop\/\"},{\"@type\":\"ListItem\",\"position\":3,\"name\":\"U\u010dimo srpski 1 Textbook\"}]},{\"@type\":\"WebSite\",\"@id\":\"https:\/\/azbukum.edu.rs\/en\/#website\",\"url\":\"https:\/\/azbukum.edu.rs\/en\/\",\"name\":\"Azbukum\",\"description\":\"Centar za srpski jezik i kulturu\",\"publisher\":{\"@id\":\"https:\/\/azbukum.edu.rs\/en\/#organization\"},\"potentialAction\":[{\"@type\":\"SearchAction\",\"target\":{\"@type\":\"EntryPoint\",\"urlTemplate\":\"https:\/\/azbukum.edu.rs\/en\/?s={search_term_string}\"},\"query-input\":{\"@type\":\"PropertyValueSpecification\",\"valueRequired\":true,\"valueName\":\"search_term_string\"}}],\"inLanguage\":\"en-US\"},{\"@type\":\"Organization\",\"@id\":\"https:\/\/azbukum.edu.rs\/en\/#organization\",\"name\":\"Azbukum\",\"url\":\"https:\/\/azbukum.edu.rs\/en\/\",\"logo\":{\"@type\":\"ImageObject\",\"inLanguage\":\"en-US\",\"@id\":\"https:\/\/azbukum.edu.rs\/en\/#\/schema\/logo\/image\/\",\"url\":\"https:\/\/azbukum.edu.rs\/media\/azbukum-logo-1.svg\",\"contentUrl\":\"https:\/\/azbukum.edu.rs\/media\/azbukum-logo-1.svg\",\"width\":70,\"height\":49,\"caption\":\"Azbukum\"},\"image\":{\"@id\":\"https:\/\/azbukum.edu.rs\/en\/#\/schema\/logo\/image\/\"},\"sameAs\":[\"https:\/\/www.facebook.com\/Azbukum\",\"https:\/\/www.instagram.com\/azbukum\/\"]}]}<\/script>\n<!-- \/ Yoast SEO plugin. -->","yoast_head_json":{"title":"U\u010dimo srpski 1 Textbook - Azbukum","description":"The most popular textbook for beginning levels of Serbian Study (A1 and A2). Based on contemporary methods and customized for absolute beginners.","robots":{"index":"index","follow":"follow","max-snippet":"max-snippet:-1","max-image-preview":"max-image-preview:large","max-video-preview":"max-video-preview:-1"},"canonical":"https:\/\/azbukum.edu.rs\/en\/product\/ucimo-srpski-1-textbook\/","og_locale":"en_US","og_type":"article","og_title":"U\u010dimo srpski 1 Textbook - Azbukum","og_description":"The most popular textbook for beginning levels of Serbian Study (A1 and A2). Based on contemporary methods and customized for absolute beginners.","og_url":"https:\/\/azbukum.edu.rs\/en\/product\/ucimo-srpski-1-textbook\/","og_site_name":"Azbukum","article_publisher":"https:\/\/www.facebook.com\/Azbukum","article_modified_time":"2026-02-10T16:21:15+00:00","og_image":[{"width":1200,"height":1200,"url":"https:\/\/azbukum.edu.rs\/media\/Azbukum-US1-naslovna.jpg","type":"image\/jpeg"}],"twitter_card":"summary_large_image","twitter_misc":{"Est. reading time":"1 minute"},"schema":{"@context":"https:\/\/schema.org","@graph":[{"@type":"WebPage","@id":"https:\/\/azbukum.edu.rs\/en\/product\/ucimo-srpski-1-textbook\/","url":"https:\/\/azbukum.edu.rs\/en\/product\/ucimo-srpski-1-textbook\/","name":"U\u010dimo srpski 1 Textbook - Azbukum","isPartOf":{"@id":"https:\/\/azbukum.edu.rs\/en\/#website"},"primaryImageOfPage":{"@id":"https:\/\/azbukum.edu.rs\/en\/product\/ucimo-srpski-1-textbook\/#primaryimage"},"image":{"@id":"https:\/\/azbukum.edu.rs\/en\/product\/ucimo-srpski-1-textbook\/#primaryimage"},"thumbnailUrl":"https:\/\/azbukum.edu.rs\/media\/Azbukum-US1-naslovna.jpg","datePublished":"2024-06-05T15:31:22+00:00","dateModified":"2026-02-10T16:21:15+00:00","description":"The most popular textbook for beginning levels of Serbian Study (A1 and A2). Based on contemporary methods and customized for absolute beginners.","breadcrumb":{"@id":"https:\/\/azbukum.edu.rs\/en\/product\/ucimo-srpski-1-textbook\/#breadcrumb"},"inLanguage":"en-US","potentialAction":[{"@type":"ReadAction","target":["https:\/\/azbukum.edu.rs\/en\/product\/ucimo-srpski-1-textbook\/"]}]},{"@type":"ImageObject","inLanguage":"en-US","@id":"https:\/\/azbukum.edu.rs\/en\/product\/ucimo-srpski-1-textbook\/#primaryimage","url":"https:\/\/azbukum.edu.rs\/media\/Azbukum-US1-naslovna.jpg","contentUrl":"https:\/\/azbukum.edu.rs\/media\/Azbukum-US1-naslovna.jpg","width":1200,"height":1200},{"@type":"BreadcrumbList","@id":"https:\/\/azbukum.edu.rs\/en\/product\/ucimo-srpski-1-textbook\/#breadcrumb","itemListElement":[{"@type":"ListItem","position":1,"name":"Po\u010detna","item":"https:\/\/azbukum.edu.rs\/en\/"},{"@type":"ListItem","position":2,"name":"Shop","item":"https:\/\/azbukum.edu.rs\/en\/shop\/"},{"@type":"ListItem","position":3,"name":"U\u010dimo srpski 1 Textbook"}]},{"@type":"WebSite","@id":"https:\/\/azbukum.edu.rs\/en\/#website","url":"https:\/\/azbukum.edu.rs\/en\/","name":"Azbukum","description":"Centar za srpski jezik i kulturu","publisher":{"@id":"https:\/\/azbukum.edu.rs\/en\/#organization"},"potentialAction":[{"@type":"SearchAction","target":{"@type":"EntryPoint","urlTemplate":"https:\/\/azbukum.edu.rs\/en\/?s={search_term_string}"},"query-input":{"@type":"PropertyValueSpecification","valueRequired":true,"valueName":"search_term_string"}}],"inLanguage":"en-US"},{"@type":"Organization","@id":"https:\/\/azbukum.edu.rs\/en\/#organization","name":"Azbukum","url":"https:\/\/azbukum.edu.rs\/en\/","logo":{"@type":"ImageObject","inLanguage":"en-US","@id":"https:\/\/azbukum.edu.rs\/en\/#\/schema\/logo\/image\/","url":"https:\/\/azbukum.edu.rs\/media\/azbukum-logo-1.svg","contentUrl":"https:\/\/azbukum.edu.rs\/media\/azbukum-logo-1.svg","width":70,"height":49,"caption":"Azbukum"},"image":{"@id":"https:\/\/azbukum.edu.rs\/en\/#\/schema\/logo\/image\/"},"sameAs":["https:\/\/www.facebook.com\/Azbukum","https:\/\/www.instagram.com\/azbukum\/"]}]}},"_links":{"self":[{"href":"https:\/\/azbukum.edu.rs\/en\/wp-json\/wp\/v2\/product\/11742","targetHints":{"allow":["GET"]}}],"collection":[{"href":"https:\/\/azbukum.edu.rs\/en\/wp-json\/wp\/v2\/product"}],"about":[{"href":"https:\/\/azbukum.edu.rs\/en\/wp-json\/wp\/v2\/types\/product"}],"wp:featuredmedia":[{"embeddable":true,"href":"https:\/\/azbukum.edu.rs\/en\/wp-json\/wp\/v2\/media\/11990"}],"wp:attachment":[{"href":"https:\/\/azbukum.edu.rs\/en\/wp-json\/wp\/v2\/media?parent=11742"}],"wp:term":[{"taxonomy":"product_brand","embeddable":true,"href":"https:\/\/azbukum.edu.rs\/en\/wp-json\/wp\/v2\/product_brand?post=11742"},{"taxonomy":"product_cat","embeddable":true,"href":"https:\/\/azbukum.edu.rs\/en\/wp-json\/wp\/v2\/product_cat?post=11742"},{"taxonomy":"product_tag","embeddable":true,"href":"https:\/\/azbukum.edu.rs\/en\/wp-json\/wp\/v2\/product_tag?post=11742"}],"curies":[{"name":"wp","href":"https:\/\/api.w.org\/{rel}","templated":true}]}}