{"id":15378,"date":"2024-09-10T23:41:00","date_gmt":"2024-09-10T21:41:00","guid":{"rendered":"https:\/\/azbukum4.connections.rs\/?page_id=15378"},"modified":"2026-02-10T17:12:15","modified_gmt":"2026-02-10T16:12:15","slug":"azbukum-center-council","status":"publish","type":"page","link":"https:\/\/azbukum.edu.rs\/en\/azbukum-center-council\/","title":{"rendered":"Azbukum center council"},"content":{"rendered":"<div class=\"wpb-content-wrapper\"><p>[vc_row full_width=&#8221;stretch_row&#8221; content_placement=&#8221;middle&#8221; woodmart_bg_position=&#8221;center-center&#8221; css=&#8221;.vc_custom_1724772547123{background: #f9f9f9 url(https:\/\/azbukum.edu.rs\/media\/AZB-sajt-2024-podloga-manji-baneri-Odrasli-01.png?id=14176) !important;}&#8221; woodmart_css_id=&#8221;66cdf085d4087&#8243; responsive_spacing=&#8221;eyJwYXJhbV90eXBlIjoid29vZG1hcnRfcmVzcG9uc2l2ZV9zcGFjaW5nIiwic2VsZWN0b3JfaWQiOiI2NmNkZjA4NWQ0MDg3Iiwic2hvcnRjb2RlIjoidmNfcm93IiwiZGF0YSI6eyJ0YWJsZXQiOnt9LCJtb2JpbGUiOnt9fX0=&#8221; mobile_bg_img_hidden=&#8221;no&#8221; tablet_bg_img_hidden=&#8221;no&#8221; woodmart_parallax=&#8221;0&#8243; woodmart_gradient_switch=&#8221;no&#8221; row_reverse_mobile=&#8221;0&#8243; row_reverse_tablet=&#8221;0&#8243; woodmart_disable_overflow=&#8221;0&#8243; woodmart_box_shadow=&#8221;no&#8221; wd_z_index=&#8221;no&#8221;][vc_column css_animation=&#8221;wd-slide-from-bottom&#8221; css=&#8221;.vc_custom_1728024797280{padding-right: 15% !important;padding-left: 15% !important;}&#8221; woodmart_css_id=&#8221;66ff90d807d6d&#8221; responsive_spacing=&#8221;eyJwYXJhbV90eXBlIjoid29vZG1hcnRfcmVzcG9uc2l2ZV9zcGFjaW5nIiwic2VsZWN0b3JfaWQiOiI2NmZmOTBkODA3ZDZkIiwic2hvcnRjb2RlIjoidmNfY29sdW1uIiwiZGF0YSI6eyJ0YWJsZXQiOnsicGFkZGluZy1yaWdodCI6IjE1cHgiLCJwYWRkaW5nLWxlZnQiOiIxNXB4In0sIm1vYmlsZSI6eyJtYXJnaW4tdG9wIjoiMzBweCJ9fX0=&#8221; parallax_scroll=&#8221;no&#8221; mobile_bg_img_hidden=&#8221;no&#8221; tablet_bg_img_hidden=&#8221;no&#8221; woodmart_parallax=&#8221;0&#8243; woodmart_sticky_column=&#8221;false&#8221; mobile_reset_margin=&#8221;no&#8221; tablet_reset_margin=&#8221;no&#8221; wd_collapsible_content_switcher=&#8221;no&#8221; wd_column_role_offcanvas_desktop=&#8221;no&#8221; wd_column_role_offcanvas_tablet=&#8221;no&#8221; wd_column_role_offcanvas_mobile=&#8221;no&#8221; wd_column_role_content_desktop=&#8221;no&#8221; wd_column_role_content_tablet=&#8221;no&#8221; wd_column_role_content_mobile=&#8221;no&#8221; woodmart_box_shadow=&#8221;no&#8221; wd_z_index=&#8221;no&#8221;]\n\t\t<div id=\"wd-68525d8956224\" class=\"title-wrapper wd-wpb wd-set-mb reset-last-child  wd-rs-68525d8956224 wd-title-color-default wd-title-style-image text-center  wd-underline-bordered\">\n\t\t\t\t\t\t\t\n\t\t\t\t<div class=\"title-subtitle  subtitle-color-default font-default subtitle-style-default wd-font-weight- wd-fontsize-xs\">Tireless work on the preservation and presentation of the Serbian language<\/div>\n\t\t\t\n\t\t\t<div class=\"liner-continer\">\n\t\t\t\t<h5 class=\"woodmart-title-container title  wd-font-weight-500 wd-fontsize-xl\" >AZBUKUM CENTRE COUNCIL<\/h5>\n\t\t\t\t\t\t\t<\/div>\n\t\t\t\n\t\t\t\n\t\t\t\n\t\t<\/div>\n\t\t\n\t\t\t\t<div id=\"wd-68525da58aafc\" class=\"wd-text-block wd-wpb reset-last-child wd-rs-68525da58aafc text-center wd-fontsize-s \">\n\t\t\t<p id=\"tw-target-text\" class=\"tw-data-text tw-text-large tw-ta\" dir=\"ltr\" data-placeholder=\"Prevod\" data-ved=\"2ahUKEwj3nJ2qpNCMAxXS9LsIHf5vPNoQ3ewLegQIDRAV\" aria-label=\"Prevedeni tekst: The Azbukum Center was founded in 1995 as an independent educational institution. Excellent lecturers and methodologists have been involved in the preparation of Serbian language learning programs, accredited by the Qualifications Agency of the Republic of Serbia, for decades. The author team, in conjunction with the members of the Azbukum Center Council, does everything to make Serbian as a foreign\/non-native\/native language as accessible and easy to learn as possible.\"><span class=\"Y2IQFc\" lang=\"en\">The Azbukum Centre was founded in 1995 as an independent educational institution. Excellent lecturers and methodologists have been involved in the preparation of Serbian language learning programs, accredited by the Qualifications Agency of the Republic of Serbia, for decades. The author team, in conjunction with the members of the Azbukum Center Council, does everything to make Serbian as a foreign\/non-native\/heritagelanguage as accessible and easy to learn as possible.<\/span><\/p>\n<p id=\"tw-target-text\" class=\"tw-data-text tw-text-large tw-ta\" dir=\"ltr\" data-placeholder=\"Prevod\" data-ved=\"2ahUKEwj3nJ2qpNCMAxXS9LsIHf5vPNoQ3ewLegQIDRAV\" aria-label=\"Prevedeni tekst: The members of the Center&#039;s Council are professors and experts from the Universities of Novi Sad, Belgrade, Tempio and Wroclaw, members of the Serbian Academy of Sciences and Arts, and experts from the Matica Srpska Gallery. All of them contribute their professional knowledge and useful advice to the highest standards of the program and teaching at Azbukum.\"><span class=\"Y2IQFc\" lang=\"en\">The members of the Centre&#8217;s Council are professors and experts from the Universities of Novi Sad, Belgrade, Tempio and Wroclaw, members of the Serbian Academy of Sciences and Arts (SASA), and experts from the Matica Srpska Gallery. All of them contribute their professional knowledge and useful advice to the highest standards of the program and teaching at Azbukum.<\/span><\/p>\n\t\t<\/div>\n\t\t[\/vc_column][\/vc_row][vc_row][vc_column woodmart_css_id=&#8221;67dc1f3f74ce6&#8243; parallax_scroll=&#8221;no&#8221; woodmart_sticky_column=&#8221;false&#8221; wd_collapsible_content_switcher=&#8221;no&#8221; wd_column_role_offcanvas_desktop=&#8221;no&#8221; wd_column_role_offcanvas_tablet=&#8221;no&#8221; wd_column_role_offcanvas_mobile=&#8221;no&#8221; wd_column_role_content_desktop=&#8221;no&#8221; wd_column_role_content_tablet=&#8221;no&#8221; wd_column_role_content_mobile=&#8221;no&#8221; mobile_bg_img_hidden=&#8221;no&#8221; tablet_bg_img_hidden=&#8221;no&#8221; woodmart_parallax=&#8221;0&#8243; woodmart_box_shadow=&#8221;no&#8221; responsive_spacing=&#8221;eyJwYXJhbV90eXBlIjoid29vZG1hcnRfcmVzcG9uc2l2ZV9zcGFjaW5nIiwic2VsZWN0b3JfaWQiOiI2N2RjMWYzZjc0Y2U2Iiwic2hvcnRjb2RlIjoidmNfY29sdW1uIiwiZGF0YSI6eyJ0YWJsZXQiOnt9LCJtb2JpbGUiOnt9fX0=&#8221; mobile_reset_margin=&#8221;no&#8221; tablet_reset_margin=&#8221;no&#8221; wd_z_index=&#8221;no&#8221;][vc_row_inner][vc_column_inner width=&#8221;1\/6&#8243;][\/vc_column_inner][vc_column_inner width=&#8221;2\/3&#8243; woodmart_css_id=&#8221;66d450f928de6&#8243; parallax_scroll=&#8221;no&#8221; woodmart_sticky_column=&#8221;false&#8221; wd_collapsible_content_switcher=&#8221;no&#8221; wd_column_role_offcanvas_desktop=&#8221;no&#8221; wd_column_role_offcanvas_tablet=&#8221;no&#8221; wd_column_role_offcanvas_mobile=&#8221;no&#8221; wd_column_role_content_desktop=&#8221;no&#8221; wd_column_role_content_tablet=&#8221;no&#8221; wd_column_role_content_mobile=&#8221;no&#8221; mobile_bg_img_hidden=&#8221;no&#8221; tablet_bg_img_hidden=&#8221;no&#8221; woodmart_parallax=&#8221;0&#8243; woodmart_box_shadow=&#8221;no&#8221; responsive_spacing=&#8221;eyJwYXJhbV90eXBlIjoid29vZG1hcnRfcmVzcG9uc2l2ZV9zcGFjaW5nIiwic2VsZWN0b3JfaWQiOiI2NmQ0NTBmOTI4ZGU2Iiwic2hvcnRjb2RlIjoidmNfY29sdW1uX2lubmVyIiwiZGF0YSI6eyJ0YWJsZXQiOnt9LCJtb2JpbGUiOnt9fX0=&#8221; wd_z_index=&#8221;no&#8221;]\n\t\t<div id=\"wd-66fd0cad13fbd\" class=\"wd-accordion wd-wpb wd-rs-66fd0cad13fbd  wd-style-simple wd-titles-left wd-opener-pos-left wd-opener-style-arrow\" data-state=\"first\">\n\t\t\t\t\t\t\t\n\t\t\t\t\n\t\t\t\t<div class=\"wd-accordion-item\">\n\t\t\t\t\t<div class=\"wd-accordion-title wd-active font-primary wd-fontsize-s wd-font-weight-600\" data-accordion-index=\"0\">\n\t\t\t\t\t\t<div class=\"wd-accordion-title-text\">\n\t\t\t\t\t\t\t\t\t\t\t\t\t\t<span>\n\t\t\t\t\t\t\t\tCOUNCIL MEMBERS\t\t\t\t\t\t\t<\/span>\n\t\t\t\t\t\t<\/div>\n\t\t\t\t\t\t<span class=\"wd-accordion-opener\"><\/span>\n\t\t\t\t\t<\/div>\n\n\t\t\t\t\t<div class=\"wd-accordion-content wd-entry-content wd-active\" data-accordion-index=\"0\">\n\t\t\t\t\t\t\t\t\t\t\t\t\t\n<div class=\"info-box-wrapper\">\n<div id=\"wd-66befba5be37c\" class=\" wd-rs-66befba5be37c wd-info-box wd-wpb text-left box-icon-align-top box-style- color-scheme- wd-bg-none vc_custom_1723792311991\">\n<div class=\"info-box-content\">\n<ul>\n<li style=\"font-weight: 400;\" aria-level=\"1\"><span style=\"font-weight: 400;\"><strong>Jasmina Grkovi\u0107-Mejd\u017eor<\/strong>, <strong>PhD<\/strong>., full member SASA, Faculty of Philosophy, Novi Sad<\/span><\/li>\n<li style=\"font-weight: 400;\" aria-level=\"1\"><span style=\"font-weight: 400;\"><strong>Danko \u0160ipka<\/strong>,<strong> PhD<\/strong>., Arizona State University, Tempe, Arizona, USA<\/span><\/li>\n<li style=\"font-weight: 400;\" aria-level=\"1\"><span style=\"font-weight: 400;\"><strong>Ljubinko Radenkovi\u0107<\/strong>, <strong>PhD<\/strong>., Institute for Balkan Studies, SASA, Belgrade<\/span><\/li>\n<li style=\"font-weight: 400;\" aria-level=\"1\"><span style=\"font-weight: 400;\"><strong>Du\u0161anka Vujovi\u0107<\/strong>, <strong>PhD<\/strong>., Faculty of Philosophy, Novi Sad<\/span><\/li>\n<li style=\"font-weight: 400;\" aria-level=\"1\"><span style=\"font-weight: 400;\"><strong>\u017deljko Markovi\u0107<\/strong>, <strong>PhD<\/strong>., Faculty of Philosophy, Novi Sad<\/span><\/li>\n<li style=\"font-weight: 400;\" aria-level=\"1\"><span style=\"font-weight: 400;\"><strong>Branko Be\u0161lin<\/strong>, <strong>PhD<\/strong>., Faculty of Philosophy, Novi Sad<\/span><\/li>\n<li style=\"font-weight: 400;\" aria-level=\"1\"><span style=\"font-weight: 400;\"><strong>Biljana \u0160imunovi\u0107 Be\u0161lin<\/strong>, <strong>PhD<\/strong>., Faculty of Philosophy, Novi Sad<\/span><\/li>\n<li style=\"font-weight: 400;\" aria-level=\"1\"><span style=\"font-weight: 400;\"><strong>Jelena Erdeljan,<\/strong> <strong>PhD<\/strong>., Faculty of Philosophy, Belgrade<\/span><\/li>\n<li style=\"font-weight: 400;\" aria-level=\"1\"><span style=\"font-weight: 400;\"><strong>Magdalena Koh<\/strong>, <strong>PhD<\/strong>., Poznan University, Poland<\/span><\/li>\n<li style=\"font-weight: 400;\" aria-level=\"1\"><span style=\"font-weight: 400;\"><strong>Bojana \u0110or\u0111evi\u0107 Ba\u0161aragin<\/strong>, <strong>PhD<\/strong>., Artificial Intelligence Institute, Novi Sad <\/span><\/li>\n<li style=\"font-weight: 400;\" aria-level=\"1\"><span style=\"font-weight: 400;\"><strong>Nata\u0161a Mili\u0107evi\u0107 Dobromirov<\/strong>, <strong>MA<\/strong>,\u00a0 Azbukum, Novi Sad<\/span><\/li>\n<li aria-level=\"1\"><span style=\"font-weight: 400; color: #808080;\"><strong>Milorad Radovanovi\u0107<\/strong>,\u00a0<span style=\"font-weight: 400;\"><strong>PhD<\/strong>., <\/span>(1947\u20132020), <span style=\"font-weight: 400;\">Faculty of Philosophy, Novi Sad<\/span><\/span><\/li>\n<li aria-level=\"1\"><span style=\"font-weight: 400; color: #808080;\"><strong>Vera Vasi\u0107<\/strong>, <span style=\"font-weight: 400;\"><strong>PhD<\/strong>., <\/span>(1948\u20132023), <span style=\"font-weight: 400;\">Faculty of Philosophy, Novi Sad<\/span><\/span><\/li>\n<li aria-level=\"1\"><span style=\"font-weight: 400; color: #808080;\"><b>Marija Kleut<\/b>,<b> <span style=\"font-weight: 400;\"><strong>PhD<\/strong>., <\/span><\/b><\/span><span style=\"font-weight: 400; color: #808080;\">(1943\u20132023), <span style=\"font-weight: 400;\">Faculty of Philosophy, Novi Sad<\/span><\/span><\/li>\n<li><span style=\"font-weight: 400;\"><span style=\"color: #808080;\"><strong>Milena Vrba\u0161ki, <\/strong>(1958\u20132024), The Gallery of Matica Srpska, Novi Sad<\/span><\/span><\/li>\n<\/ul>\n<\/div>\n<\/div>\n<\/div>\n\t\t\t\t\t\t\t\t\t\t\t<\/div>\n\t\t\t\t<\/div>\n\t\t\t\t\t\t\t\t\t\t\t\t\t\t<\/div>\n\n\t\t[\/vc_column_inner][vc_column_inner width=&#8221;1\/6&#8243;][\/vc_column_inner][\/vc_row_inner][\/vc_column][\/vc_row]<\/p>\n<\/div>","protected":false},"excerpt":{"rendered":"<p>[vc_row full_width=&#8221;stretch_row&#8221; content_placement=&#8221;middle&#8221; woodmart_bg_position=&#8221;center-center&#8221; css=&#8221;.vc_custom_1724772547123{background: #f9f9f9 url(https:\/\/azbukum.edu.rs\/media\/AZB-sajt-2024-podloga-manji-baneri-Odrasli-01.png?id=14176) !important;}&#8221; woodmart_css_id=&#8221;66cdf085d4087&#8243; responsive_spacing=&#8221;eyJwYXJhbV90eXBlIjoid29vZG1hcnRfcmVzcG9uc2l2ZV9zcGFjaW5nIiwic2VsZWN0b3JfaWQiOiI2NmNkZjA4NWQ0MDg3Iiwic2hvcnRjb2RlIjoidmNfcm93IiwiZGF0YSI6eyJ0YWJsZXQiOnt9LCJtb2JpbGUiOnt9fX0=&#8221; mobile_bg_img_hidden=&#8221;no&#8221; tablet_bg_img_hidden=&#8221;no&#8221; woodmart_parallax=&#8221;0&#8243; woodmart_gradient_switch=&#8221;no&#8221; row_reverse_mobile=&#8221;0&#8243; row_reverse_tablet=&#8221;0&#8243; woodmart_disable_overflow=&#8221;0&#8243; woodmart_box_shadow=&#8221;no&#8221; wd_z_index=&#8221;no&#8221;][vc_column css_animation=&#8221;wd-slide-from-bottom&#8221;<\/p>\n","protected":false},"author":1,"featured_media":0,"parent":0,"menu_order":0,"comment_status":"closed","ping_status":"closed","template":"","meta":{"footnotes":""},"class_list":["post-15378","page","type-page","status-publish","hentry"],"yoast_head":"<!-- This site is optimized with the Yoast SEO plugin v24.9 - https:\/\/yoast.com\/wordpress\/plugins\/seo\/ -->\n<title>Serbian Language Center Council | Azbukum<\/title>\n<meta name=\"description\" content=\"Leadership and advisory council of Azbukum Serbian language center. Academic excellence and quality standards in Serbian language education.\" \/>\n<meta name=\"robots\" content=\"index, follow, max-snippet:-1, max-image-preview:large, max-video-preview:-1\" \/>\n<link rel=\"canonical\" href=\"https:\/\/azbukum.edu.rs\/en\/azbukum-center-council\/\" \/>\n<meta property=\"og:locale\" content=\"en_US\" \/>\n<meta property=\"og:type\" content=\"article\" \/>\n<meta property=\"og:title\" content=\"Serbian Language Center Council | Azbukum\" \/>\n<meta property=\"og:description\" content=\"Leadership and advisory council of Azbukum Serbian language center. Academic excellence and quality standards in Serbian language education.\" \/>\n<meta property=\"og:url\" content=\"https:\/\/azbukum.edu.rs\/en\/azbukum-center-council\/\" \/>\n<meta property=\"og:site_name\" content=\"Azbukum\" \/>\n<meta property=\"article:publisher\" content=\"https:\/\/www.facebook.com\/Azbukum\" \/>\n<meta property=\"article:modified_time\" content=\"2026-02-10T16:12:15+00:00\" \/>\n<meta name=\"twitter:card\" content=\"summary_large_image\" \/>\n<meta name=\"twitter:label1\" content=\"Est. reading time\" \/>\n\t<meta name=\"twitter:data1\" content=\"3 minutes\" \/>\n<script type=\"application\/ld+json\" class=\"yoast-schema-graph\">{\"@context\":\"https:\/\/schema.org\",\"@graph\":[{\"@type\":\"WebPage\",\"@id\":\"https:\/\/azbukum.edu.rs\/en\/azbukum-center-council\/\",\"url\":\"https:\/\/azbukum.edu.rs\/en\/azbukum-center-council\/\",\"name\":\"Serbian Language Center Council | Azbukum\",\"isPartOf\":{\"@id\":\"https:\/\/azbukum.edu.rs\/en\/#website\"},\"datePublished\":\"2024-09-10T21:41:00+00:00\",\"dateModified\":\"2026-02-10T16:12:15+00:00\",\"description\":\"Leadership and advisory council of Azbukum Serbian language center. Academic excellence and quality standards in Serbian language education.\",\"breadcrumb\":{\"@id\":\"https:\/\/azbukum.edu.rs\/en\/azbukum-center-council\/#breadcrumb\"},\"inLanguage\":\"en-US\",\"potentialAction\":[{\"@type\":\"ReadAction\",\"target\":[\"https:\/\/azbukum.edu.rs\/en\/azbukum-center-council\/\"]}]},{\"@type\":\"BreadcrumbList\",\"@id\":\"https:\/\/azbukum.edu.rs\/en\/azbukum-center-council\/#breadcrumb\",\"itemListElement\":[{\"@type\":\"ListItem\",\"position\":1,\"name\":\"\u041f\u043e\u0447\u0435\u0442\u043d\u0430\",\"item\":\"https:\/\/azbukum.edu.rs\/en\/\"},{\"@type\":\"ListItem\",\"position\":2,\"name\":\"Azbukum center council\"}]},{\"@type\":\"WebSite\",\"@id\":\"https:\/\/azbukum.edu.rs\/en\/#website\",\"url\":\"https:\/\/azbukum.edu.rs\/en\/\",\"name\":\"Azbukum\",\"description\":\"Centar za srpski jezik i kulturu\",\"publisher\":{\"@id\":\"https:\/\/azbukum.edu.rs\/en\/#organization\"},\"potentialAction\":[{\"@type\":\"SearchAction\",\"target\":{\"@type\":\"EntryPoint\",\"urlTemplate\":\"https:\/\/azbukum.edu.rs\/en\/?s={search_term_string}\"},\"query-input\":{\"@type\":\"PropertyValueSpecification\",\"valueRequired\":true,\"valueName\":\"search_term_string\"}}],\"inLanguage\":\"en-US\"},{\"@type\":\"Organization\",\"@id\":\"https:\/\/azbukum.edu.rs\/en\/#organization\",\"name\":\"Azbukum\",\"url\":\"https:\/\/azbukum.edu.rs\/en\/\",\"logo\":{\"@type\":\"ImageObject\",\"inLanguage\":\"en-US\",\"@id\":\"https:\/\/azbukum.edu.rs\/en\/#\/schema\/logo\/image\/\",\"url\":\"https:\/\/azbukum.edu.rs\/media\/azbukum-logo-1.svg\",\"contentUrl\":\"https:\/\/azbukum.edu.rs\/media\/azbukum-logo-1.svg\",\"width\":70,\"height\":49,\"caption\":\"Azbukum\"},\"image\":{\"@id\":\"https:\/\/azbukum.edu.rs\/en\/#\/schema\/logo\/image\/\"},\"sameAs\":[\"https:\/\/www.facebook.com\/Azbukum\",\"https:\/\/www.instagram.com\/azbukum\/\"]}]}<\/script>\n<!-- \/ Yoast SEO plugin. -->","yoast_head_json":{"title":"Serbian Language Center Council | Azbukum","description":"Leadership and advisory council of Azbukum Serbian language center. Academic excellence and quality standards in Serbian language education.","robots":{"index":"index","follow":"follow","max-snippet":"max-snippet:-1","max-image-preview":"max-image-preview:large","max-video-preview":"max-video-preview:-1"},"canonical":"https:\/\/azbukum.edu.rs\/en\/azbukum-center-council\/","og_locale":"en_US","og_type":"article","og_title":"Serbian Language Center Council | Azbukum","og_description":"Leadership and advisory council of Azbukum Serbian language center. Academic excellence and quality standards in Serbian language education.","og_url":"https:\/\/azbukum.edu.rs\/en\/azbukum-center-council\/","og_site_name":"Azbukum","article_publisher":"https:\/\/www.facebook.com\/Azbukum","article_modified_time":"2026-02-10T16:12:15+00:00","twitter_card":"summary_large_image","twitter_misc":{"Est. reading time":"3 minutes"},"schema":{"@context":"https:\/\/schema.org","@graph":[{"@type":"WebPage","@id":"https:\/\/azbukum.edu.rs\/en\/azbukum-center-council\/","url":"https:\/\/azbukum.edu.rs\/en\/azbukum-center-council\/","name":"Serbian Language Center Council | Azbukum","isPartOf":{"@id":"https:\/\/azbukum.edu.rs\/en\/#website"},"datePublished":"2024-09-10T21:41:00+00:00","dateModified":"2026-02-10T16:12:15+00:00","description":"Leadership and advisory council of Azbukum Serbian language center. Academic excellence and quality standards in Serbian language education.","breadcrumb":{"@id":"https:\/\/azbukum.edu.rs\/en\/azbukum-center-council\/#breadcrumb"},"inLanguage":"en-US","potentialAction":[{"@type":"ReadAction","target":["https:\/\/azbukum.edu.rs\/en\/azbukum-center-council\/"]}]},{"@type":"BreadcrumbList","@id":"https:\/\/azbukum.edu.rs\/en\/azbukum-center-council\/#breadcrumb","itemListElement":[{"@type":"ListItem","position":1,"name":"Po\u010detna","item":"https:\/\/azbukum.edu.rs\/en\/"},{"@type":"ListItem","position":2,"name":"Azbukum center council"}]},{"@type":"WebSite","@id":"https:\/\/azbukum.edu.rs\/en\/#website","url":"https:\/\/azbukum.edu.rs\/en\/","name":"Azbukum","description":"Centar za srpski jezik i kulturu","publisher":{"@id":"https:\/\/azbukum.edu.rs\/en\/#organization"},"potentialAction":[{"@type":"SearchAction","target":{"@type":"EntryPoint","urlTemplate":"https:\/\/azbukum.edu.rs\/en\/?s={search_term_string}"},"query-input":{"@type":"PropertyValueSpecification","valueRequired":true,"valueName":"search_term_string"}}],"inLanguage":"en-US"},{"@type":"Organization","@id":"https:\/\/azbukum.edu.rs\/en\/#organization","name":"Azbukum","url":"https:\/\/azbukum.edu.rs\/en\/","logo":{"@type":"ImageObject","inLanguage":"en-US","@id":"https:\/\/azbukum.edu.rs\/en\/#\/schema\/logo\/image\/","url":"https:\/\/azbukum.edu.rs\/media\/azbukum-logo-1.svg","contentUrl":"https:\/\/azbukum.edu.rs\/media\/azbukum-logo-1.svg","width":70,"height":49,"caption":"Azbukum"},"image":{"@id":"https:\/\/azbukum.edu.rs\/en\/#\/schema\/logo\/image\/"},"sameAs":["https:\/\/www.facebook.com\/Azbukum","https:\/\/www.instagram.com\/azbukum\/"]}]}},"_links":{"self":[{"href":"https:\/\/azbukum.edu.rs\/en\/wp-json\/wp\/v2\/pages\/15378","targetHints":{"allow":["GET"]}}],"collection":[{"href":"https:\/\/azbukum.edu.rs\/en\/wp-json\/wp\/v2\/pages"}],"about":[{"href":"https:\/\/azbukum.edu.rs\/en\/wp-json\/wp\/v2\/types\/page"}],"author":[{"embeddable":true,"href":"https:\/\/azbukum.edu.rs\/en\/wp-json\/wp\/v2\/users\/1"}],"replies":[{"embeddable":true,"href":"https:\/\/azbukum.edu.rs\/en\/wp-json\/wp\/v2\/comments?post=15378"}],"version-history":[{"count":5,"href":"https:\/\/azbukum.edu.rs\/en\/wp-json\/wp\/v2\/pages\/15378\/revisions"}],"predecessor-version":[{"id":24785,"href":"https:\/\/azbukum.edu.rs\/en\/wp-json\/wp\/v2\/pages\/15378\/revisions\/24785"}],"wp:attachment":[{"href":"https:\/\/azbukum.edu.rs\/en\/wp-json\/wp\/v2\/media?parent=15378"}],"curies":[{"name":"wp","href":"https:\/\/api.w.org\/{rel}","templated":true}]}}